{"id":3031,"date":"2019-08-09T09:34:07","date_gmt":"2019-08-09T07:34:07","guid":{"rendered":"https:\/\/physikalische-therapie.net\/?page_id=3031"},"modified":"2026-01-27T21:34:21","modified_gmt":"2026-01-27T19:34:21","slug":"kinesiologische-tapes","status":"publish","type":"page","link":"https:\/\/physikalische-therapie.net\/?page_id=3031","title":{"rendered":"Kinesiologische Tapes"},"content":{"rendered":"<h1>Kinesiologische Tapes<\/h1>\n<p>Zwar fehlen bislang eindeutige wissenschaftliche Belege f\u00fcr die therapeutische Wirkung von kinesiologischen Tapes, die auf den japanischen Chiropraktiker <a href=\"https:\/\/de.wikipedia.org\/wiki\/Kinesiologisches_Tape\" target=\"_blank\" rel=\"noopener\"><em><strong>Kenzo Kase<\/strong><\/em><\/a> zur\u00fcckgehen. Bei richtiger Anwendung der hochelastischen Stoffpflaster jedoch k\u00f6nnen an der behandelten Stelle die Mikrozirkulation angeregt und Selbstheilungskr\u00e4fte mobilisiert werden.<\/p>\n<p>Kinesiotaping ist sinnvoll bei:<\/p>\n<ul>\n<li>Muskel-, B\u00e4nder- und Gelenkverletzungen<\/li>\n<li>\u00d6demen<\/li>\n<li>Arthose<\/li>\n<li>Schmerzen<\/li>\n<\/ul>\n<p>Kinesiotapes bieten eine gewisse Bewegungssicherheit auch bei Verletzungen. Denn angemessene Bewegung geschw\u00e4chter und verletzter Gelenke, Muskeln und B\u00e4nder ist wichtig f\u00fcr die Aktivierung der Selbstheilungskr\u00e4fte. Taping kann so auch Schonhaltungen und Dysbalancen vorbeugen.<\/p>\n<p>Durch kinesiologische Tests \u2013 wie den Muskeltest \u2013 ist es m\u00f6glich, die richtige Anlage, Dosierung und Farbe der Kinesiotapes zu bestimmen.<\/p>\n","protected":false},"excerpt":{"rendered":"<p>Kinesiologische Tapes Zwar fehlen bislang eindeutige wissenschaftliche Belege f\u00fcr die therapeutische Wirkung von kinesiologischen Tapes, die auf den japanischen Chiropraktiker Kenzo Kase zur\u00fcckgehen. Bei richtiger Anwendung der hochelastischen Stoffpflaster jedoch k\u00f6nnen an der behandelten Stelle die Mikrozirkulation angeregt und Selbstheilungskr\u00e4fte mobilisiert werden. Kinesiotaping ist sinnvoll bei: Muskel-, B\u00e4nder- und Gelenkverletzungen \u00d6demen Arthose Schmerzen Kinesiotapes bieten [&hellip;]<\/p>\n","protected":false},"author":1,"featured_media":0,"parent":3023,"menu_order":12,"comment_status":"closed","ping_status":"closed","template":"","meta":{"_acf_changed":false,"footnotes":""},"class_list":["post-3031","page","type-page","status-publish","hentry"],"acf":[],"yoast_head":"<!-- This site is optimized with the Yoast SEO plugin v27.5 - https:\/\/yoast.com\/product\/yoast-seo-wordpress\/ -->\n<title>Kinesiologische Tapes \u2013 Erg\u00e4nzend zur Physiotherapie<\/title>\n<meta name=\"description\" content=\"Kinesiologische Tapes als unterst\u00fctzende Ma\u00dfnahme in der Physiotherapie \u2013 bewegungserhaltend, individuell angepasst und erg\u00e4nzend eingesetzt.\" \/>\n<meta name=\"robots\" content=\"index, follow, max-snippet:-1, max-image-preview:large, max-video-preview:-1\" \/>\n<link rel=\"canonical\" href=\"https:\/\/physikalische-therapie.net\/?page_id=3031\" \/>\n<meta property=\"og:locale\" content=\"de_DE\" \/>\n<meta property=\"og:type\" content=\"article\" \/>\n<meta property=\"og:title\" content=\"Kinesiologische Tapes \u2013 Erg\u00e4nzend zur Physiotherapie\" \/>\n<meta property=\"og:description\" content=\"Kinesiologische Tapes als unterst\u00fctzende Ma\u00dfnahme in der Physiotherapie \u2013 bewegungserhaltend, individuell angepasst und erg\u00e4nzend eingesetzt.\" \/>\n<meta property=\"og:url\" content=\"https:\/\/physikalische-therapie.net\/?page_id=3031\" \/>\n<meta property=\"og:site_name\" content=\"Praxis f\u00fcr K\u00f6rpertherapie\" \/>\n<meta property=\"article:modified_time\" content=\"2026-01-27T19:34:21+00:00\" \/>\n<meta name=\"twitter:card\" content=\"summary_large_image\" \/>\n<meta name=\"twitter:label1\" content=\"Gesch\u00e4tzte Lesezeit\" \/>\n\t<meta name=\"twitter:data1\" content=\"1\u00a0Minute\" \/>\n<script type=\"application\/ld+json\" class=\"yoast-schema-graph\">{\"@context\":\"https:\\\/\\\/schema.org\",\"@graph\":[{\"@type\":\"WebPage\",\"@id\":\"https:\\\/\\\/physikalische-therapie.net\\\/?page_id=3031\",\"url\":\"https:\\\/\\\/physikalische-therapie.net\\\/?page_id=3031\",\"name\":\"Kinesiologische Tapes \u2013 Erg\u00e4nzend zur Physiotherapie\",\"isPartOf\":{\"@id\":\"https:\\\/\\\/physikalische-therapie.net\\\/#website\"},\"datePublished\":\"2019-08-09T07:34:07+00:00\",\"dateModified\":\"2026-01-27T19:34:21+00:00\",\"description\":\"Kinesiologische Tapes als unterst\u00fctzende Ma\u00dfnahme in der Physiotherapie \u2013 bewegungserhaltend, individuell angepasst und erg\u00e4nzend eingesetzt.\",\"breadcrumb\":{\"@id\":\"https:\\\/\\\/physikalische-therapie.net\\\/?page_id=3031#breadcrumb\"},\"inLanguage\":\"de\",\"potentialAction\":[{\"@type\":\"ReadAction\",\"target\":[\"https:\\\/\\\/physikalische-therapie.net\\\/?page_id=3031\"]}]},{\"@type\":\"BreadcrumbList\",\"@id\":\"https:\\\/\\\/physikalische-therapie.net\\\/?page_id=3031#breadcrumb\",\"itemListElement\":[{\"@type\":\"ListItem\",\"position\":1,\"name\":\"Start\",\"item\":\"https:\\\/\\\/physikalische-therapie.net\\\/\"},{\"@type\":\"ListItem\",\"position\":2,\"name\":\"Portfolio\",\"item\":\"https:\\\/\\\/physikalische-therapie.net\\\/?page_id=3023\"},{\"@type\":\"ListItem\",\"position\":3,\"name\":\"Kinesiologische Tapes\"}]},{\"@type\":\"WebSite\",\"@id\":\"https:\\\/\\\/physikalische-therapie.net\\\/#website\",\"url\":\"https:\\\/\\\/physikalische-therapie.net\\\/\",\"name\":\"Praxis f\u00fcr K\u00f6rpertherapie\",\"description\":\"und Physikalische Medizin\",\"publisher\":{\"@id\":\"https:\\\/\\\/physikalische-therapie.net\\\/#organization\"},\"potentialAction\":[{\"@type\":\"SearchAction\",\"target\":{\"@type\":\"EntryPoint\",\"urlTemplate\":\"https:\\\/\\\/physikalische-therapie.net\\\/?s={search_term_string}\"},\"query-input\":{\"@type\":\"PropertyValueSpecification\",\"valueRequired\":true,\"valueName\":\"search_term_string\"}}],\"inLanguage\":\"de\"},{\"@type\":\"Organization\",\"@id\":\"https:\\\/\\\/physikalische-therapie.net\\\/#organization\",\"name\":\"Praxis f\u00fcr K\u00f6rpertherapie und Physikaliche Medizin\",\"url\":\"https:\\\/\\\/physikalische-therapie.net\\\/\",\"logo\":{\"@type\":\"ImageObject\",\"inLanguage\":\"de\",\"@id\":\"https:\\\/\\\/physikalische-therapie.net\\\/#\\\/schema\\\/logo\\\/image\\\/\",\"url\":\"https:\\\/\\\/physikalische-therapie.net\\\/wp-content\\\/uploads\\\/Logo-quadratisch.jpg\",\"contentUrl\":\"https:\\\/\\\/physikalische-therapie.net\\\/wp-content\\\/uploads\\\/Logo-quadratisch.jpg\",\"width\":2000,\"height\":2000,\"caption\":\"Praxis f\u00fcr K\u00f6rpertherapie und Physikaliche Medizin\"},\"image\":{\"@id\":\"https:\\\/\\\/physikalische-therapie.net\\\/#\\\/schema\\\/logo\\\/image\\\/\"}}]}<\/script>\n<!-- \/ Yoast SEO plugin. -->","yoast_head_json":{"title":"Kinesiologische Tapes \u2013 Erg\u00e4nzend zur Physiotherapie","description":"Kinesiologische Tapes als unterst\u00fctzende Ma\u00dfnahme in der Physiotherapie \u2013 bewegungserhaltend, individuell angepasst und erg\u00e4nzend eingesetzt.","robots":{"index":"index","follow":"follow","max-snippet":"max-snippet:-1","max-image-preview":"max-image-preview:large","max-video-preview":"max-video-preview:-1"},"canonical":"https:\/\/physikalische-therapie.net\/?page_id=3031","og_locale":"de_DE","og_type":"article","og_title":"Kinesiologische Tapes \u2013 Erg\u00e4nzend zur Physiotherapie","og_description":"Kinesiologische Tapes als unterst\u00fctzende Ma\u00dfnahme in der Physiotherapie \u2013 bewegungserhaltend, individuell angepasst und erg\u00e4nzend eingesetzt.","og_url":"https:\/\/physikalische-therapie.net\/?page_id=3031","og_site_name":"Praxis f\u00fcr K\u00f6rpertherapie","article_modified_time":"2026-01-27T19:34:21+00:00","twitter_card":"summary_large_image","twitter_misc":{"Gesch\u00e4tzte Lesezeit":"1\u00a0Minute"},"schema":{"@context":"https:\/\/schema.org","@graph":[{"@type":"WebPage","@id":"https:\/\/physikalische-therapie.net\/?page_id=3031","url":"https:\/\/physikalische-therapie.net\/?page_id=3031","name":"Kinesiologische Tapes \u2013 Erg\u00e4nzend zur Physiotherapie","isPartOf":{"@id":"https:\/\/physikalische-therapie.net\/#website"},"datePublished":"2019-08-09T07:34:07+00:00","dateModified":"2026-01-27T19:34:21+00:00","description":"Kinesiologische Tapes als unterst\u00fctzende Ma\u00dfnahme in der Physiotherapie \u2013 bewegungserhaltend, individuell angepasst und erg\u00e4nzend eingesetzt.","breadcrumb":{"@id":"https:\/\/physikalische-therapie.net\/?page_id=3031#breadcrumb"},"inLanguage":"de","potentialAction":[{"@type":"ReadAction","target":["https:\/\/physikalische-therapie.net\/?page_id=3031"]}]},{"@type":"BreadcrumbList","@id":"https:\/\/physikalische-therapie.net\/?page_id=3031#breadcrumb","itemListElement":[{"@type":"ListItem","position":1,"name":"Start","item":"https:\/\/physikalische-therapie.net\/"},{"@type":"ListItem","position":2,"name":"Portfolio","item":"https:\/\/physikalische-therapie.net\/?page_id=3023"},{"@type":"ListItem","position":3,"name":"Kinesiologische Tapes"}]},{"@type":"WebSite","@id":"https:\/\/physikalische-therapie.net\/#website","url":"https:\/\/physikalische-therapie.net\/","name":"Praxis f\u00fcr K\u00f6rpertherapie","description":"und Physikalische Medizin","publisher":{"@id":"https:\/\/physikalische-therapie.net\/#organization"},"potentialAction":[{"@type":"SearchAction","target":{"@type":"EntryPoint","urlTemplate":"https:\/\/physikalische-therapie.net\/?s={search_term_string}"},"query-input":{"@type":"PropertyValueSpecification","valueRequired":true,"valueName":"search_term_string"}}],"inLanguage":"de"},{"@type":"Organization","@id":"https:\/\/physikalische-therapie.net\/#organization","name":"Praxis f\u00fcr K\u00f6rpertherapie und Physikaliche Medizin","url":"https:\/\/physikalische-therapie.net\/","logo":{"@type":"ImageObject","inLanguage":"de","@id":"https:\/\/physikalische-therapie.net\/#\/schema\/logo\/image\/","url":"https:\/\/physikalische-therapie.net\/wp-content\/uploads\/Logo-quadratisch.jpg","contentUrl":"https:\/\/physikalische-therapie.net\/wp-content\/uploads\/Logo-quadratisch.jpg","width":2000,"height":2000,"caption":"Praxis f\u00fcr K\u00f6rpertherapie und Physikaliche Medizin"},"image":{"@id":"https:\/\/physikalische-therapie.net\/#\/schema\/logo\/image\/"}}]}},"_links":{"self":[{"href":"https:\/\/physikalische-therapie.net\/index.php?rest_route=\/wp\/v2\/pages\/3031","targetHints":{"allow":["GET"]}}],"collection":[{"href":"https:\/\/physikalische-therapie.net\/index.php?rest_route=\/wp\/v2\/pages"}],"about":[{"href":"https:\/\/physikalische-therapie.net\/index.php?rest_route=\/wp\/v2\/types\/page"}],"author":[{"embeddable":true,"href":"https:\/\/physikalische-therapie.net\/index.php?rest_route=\/wp\/v2\/users\/1"}],"replies":[{"embeddable":true,"href":"https:\/\/physikalische-therapie.net\/index.php?rest_route=%2Fwp%2Fv2%2Fcomments&post=3031"}],"version-history":[{"count":1,"href":"https:\/\/physikalische-therapie.net\/index.php?rest_route=\/wp\/v2\/pages\/3031\/revisions"}],"predecessor-version":[{"id":4374,"href":"https:\/\/physikalische-therapie.net\/index.php?rest_route=\/wp\/v2\/pages\/3031\/revisions\/4374"}],"up":[{"embeddable":true,"href":"https:\/\/physikalische-therapie.net\/index.php?rest_route=\/wp\/v2\/pages\/3023"}],"wp:attachment":[{"href":"https:\/\/physikalische-therapie.net\/index.php?rest_route=%2Fwp%2Fv2%2Fmedia&parent=3031"}],"curies":[{"name":"wp","href":"https:\/\/api.w.org\/{rel}","templated":true}]}}