{"id":3045,"date":"2019-08-09T13:24:40","date_gmt":"2019-08-09T11:24:40","guid":{"rendered":"https:\/\/physikalische-therapie.net\/?page_id=3045"},"modified":"2026-01-27T21:16:20","modified_gmt":"2026-01-27T19:16:20","slug":"reiki-verweis","status":"publish","type":"page","link":"https:\/\/physikalische-therapie.net\/?page_id=3045","title":{"rendered":"Reiki &#8211; Verweis"},"content":{"rendered":"<h1>Reiki<\/h1>\n<p><a href=\"https:\/\/physikalische-therapie.net\/wp-content\/uploads\/Reiki-Kanji.jpg\" rel=\"lightbox[3045]\"><img loading=\"lazy\" decoding=\"async\" class=\"wp-image-3192 alignleft\" src=\"https:\/\/physikalische-therapie.net\/wp-content\/uploads\/Reiki-Kanji-320x750.jpg\" alt=\"Reikio-Kanji\" width=\"86\" height=\"201\" srcset=\"https:\/\/physikalische-therapie.net\/wp-content\/uploads\/Reiki-Kanji-320x750.jpg 320w, https:\/\/physikalische-therapie.net\/wp-content\/uploads\/Reiki-Kanji.jpg 508w\" sizes=\"auto, (max-width: 86px) 100vw, 86px\" \/><\/a><a href=\"https:\/\/de.wikipedia.org\/wiki\/Reiki\" target=\"_blank\" rel=\"noopener\"><em><strong>Reiki<\/strong><\/em><\/a> ist das japanische Wort f\u00fcr die alles durchdringende Lebensenergie, die durch Handauflegen weitergeleitet wird. Diese ganzheitliche Entspannungstechnik wurde im 19. Jahrhundert von <a href=\"https:\/\/de.wikipedia.org\/wiki\/Usui_Mikao\" target=\"_blank\" rel=\"noopener\"><em><strong>Mikao Usui<\/strong><\/em><\/a> wiederentdeckt, neu belebt und an seine Sch\u00fcler:innen weitergegeben. Heute wird Reiki in vielen Teilen der Welt praktiziert und erfreut sich immer gr\u00f6\u00dferer Beliebtheit.<\/p>\n<figure id=\"attachment_3845\" class=\"wp-caption alignright\" style=\"width: 108px;\"><img loading=\"lazy\" decoding=\"async\" class=\"wp-image-3845\" src=\"https:\/\/physikalische-therapie.net\/wp-content\/uploads\/Mikaousui-1.jpg\" alt=\"\" width=\"108\" height=\"156\"\/><figcaption class=\"wp-caption-text\">Mikao Usui<\/figcaption><\/figure>\n<p>Das Usui-System des Reiki ist ein sehr sanfter meditativer Weg, um die Selbstheilungskr\u00e4fte f\u00fcr K\u00f6rper, Geist und Seele zu reaktivieren und zu harmonisieren. Das Usui-System Reiki unterst\u00fctzt und intensiviert medizinische und psychotherapeutische Verfahren. Auf pers\u00f6nliches und geistiges Wachstum wirkt es sich kl\u00e4rend, harmonisierend und intensivierend aus. Reiki-Praktizierende verstehen sich dabei nicht als \u00bbHeiler\u00ab, sondern als Medium f\u00fcr oder Vermittler von Reiki.&nbsp; &nbsp; &nbsp; &nbsp; &nbsp; &nbsp;&nbsp; &nbsp; &nbsp; &nbsp; &nbsp; &nbsp; &nbsp;&nbsp; &nbsp; &nbsp; &nbsp; &nbsp; <a href=\"https:\/\/physikalische-therapie.net\/?page_id=3850\"><strong><em>Reiki in der Wissenschaft<\/em> \u2192<\/strong><\/a><\/p>\n<hr \/>\n<p>&nbsp;<\/p>\n","protected":false},"excerpt":{"rendered":"<p>Reiki Reiki ist das japanische Wort f\u00fcr die alles durchdringende Lebensenergie, die durch Handauflegen weitergeleitet wird. Diese ganzheitliche Entspannungstechnik wurde im 19. Jahrhundert von Mikao Usui wiederentdeckt, neu belebt und an seine Sch\u00fcler:innen weitergegeben. Heute wird Reiki in vielen Teilen der Welt praktiziert und erfreut sich immer gr\u00f6\u00dferer Beliebtheit. Das Usui-System des Reiki ist ein [&hellip;]<\/p>\n","protected":false},"author":5,"featured_media":0,"parent":3023,"menu_order":6,"comment_status":"closed","ping_status":"closed","template":"","meta":{"_acf_changed":false,"footnotes":""},"class_list":["post-3045","page","type-page","status-publish","hentry"],"acf":[],"yoast_head":"<!-- This site is optimized with the Yoast SEO plugin v27.5 - https:\/\/yoast.com\/product\/yoast-seo-wordpress\/ -->\n<title>Reiki | Weg zu Achtsamkeit und innerer Balance<\/title>\n<meta name=\"description\" content=\"Reiki als spirituell-meditativer Ansatz zur F\u00f6rderung von Achtsamkeit, Entspannung und Selbstwahrnehmung.\" \/>\n<meta name=\"robots\" content=\"index, follow, max-snippet:-1, max-image-preview:large, max-video-preview:-1\" \/>\n<link rel=\"canonical\" href=\"https:\/\/physikalische-therapie.net\/?page_id=3045\" \/>\n<meta property=\"og:locale\" content=\"de_DE\" \/>\n<meta property=\"og:type\" content=\"article\" \/>\n<meta property=\"og:title\" content=\"Reiki | Weg zu Achtsamkeit und innerer Balance\" \/>\n<meta property=\"og:description\" content=\"Reiki als spirituell-meditativer Ansatz zur F\u00f6rderung von Achtsamkeit, Entspannung und Selbstwahrnehmung.\" \/>\n<meta property=\"og:url\" content=\"https:\/\/physikalische-therapie.net\/?page_id=3045\" \/>\n<meta property=\"og:site_name\" content=\"Praxis f\u00fcr K\u00f6rpertherapie\" \/>\n<meta property=\"article:modified_time\" content=\"2026-01-27T19:16:20+00:00\" \/>\n<meta property=\"og:image\" content=\"https:\/\/physikalische-therapie.net\/wp-content\/uploads\/Reiki-Kanji.jpg\" \/>\n\t<meta property=\"og:image:width\" content=\"508\" \/>\n\t<meta property=\"og:image:height\" content=\"1191\" \/>\n\t<meta property=\"og:image:type\" content=\"image\/jpeg\" \/>\n<meta name=\"twitter:card\" content=\"summary_large_image\" \/>\n<meta name=\"twitter:label1\" content=\"Gesch\u00e4tzte Lesezeit\" \/>\n\t<meta name=\"twitter:data1\" content=\"2\u00a0Minuten\" \/>\n<script type=\"application\/ld+json\" class=\"yoast-schema-graph\">{\"@context\":\"https:\\\/\\\/schema.org\",\"@graph\":[{\"@type\":\"WebPage\",\"@id\":\"https:\\\/\\\/physikalische-therapie.net\\\/?page_id=3045\",\"url\":\"https:\\\/\\\/physikalische-therapie.net\\\/?page_id=3045\",\"name\":\"Reiki | Weg zu Achtsamkeit und innerer Balance\",\"isPartOf\":{\"@id\":\"https:\\\/\\\/physikalische-therapie.net\\\/#website\"},\"primaryImageOfPage\":{\"@id\":\"https:\\\/\\\/physikalische-therapie.net\\\/?page_id=3045#primaryimage\"},\"image\":{\"@id\":\"https:\\\/\\\/physikalische-therapie.net\\\/?page_id=3045#primaryimage\"},\"thumbnailUrl\":\"https:\\\/\\\/physikalische-therapie.net\\\/wp-content\\\/uploads\\\/Reiki-Kanji-320x750.jpg\",\"datePublished\":\"2019-08-09T11:24:40+00:00\",\"dateModified\":\"2026-01-27T19:16:20+00:00\",\"description\":\"Reiki als spirituell-meditativer Ansatz zur F\u00f6rderung von Achtsamkeit, Entspannung und Selbstwahrnehmung.\",\"breadcrumb\":{\"@id\":\"https:\\\/\\\/physikalische-therapie.net\\\/?page_id=3045#breadcrumb\"},\"inLanguage\":\"de\",\"potentialAction\":[{\"@type\":\"ReadAction\",\"target\":[\"https:\\\/\\\/physikalische-therapie.net\\\/?page_id=3045\"]}]},{\"@type\":\"ImageObject\",\"inLanguage\":\"de\",\"@id\":\"https:\\\/\\\/physikalische-therapie.net\\\/?page_id=3045#primaryimage\",\"url\":\"https:\\\/\\\/physikalische-therapie.net\\\/wp-content\\\/uploads\\\/Reiki-Kanji.jpg\",\"contentUrl\":\"https:\\\/\\\/physikalische-therapie.net\\\/wp-content\\\/uploads\\\/Reiki-Kanji.jpg\",\"width\":508,\"height\":1191},{\"@type\":\"BreadcrumbList\",\"@id\":\"https:\\\/\\\/physikalische-therapie.net\\\/?page_id=3045#breadcrumb\",\"itemListElement\":[{\"@type\":\"ListItem\",\"position\":1,\"name\":\"Start\",\"item\":\"https:\\\/\\\/physikalische-therapie.net\\\/\"},{\"@type\":\"ListItem\",\"position\":2,\"name\":\"Portfolio\",\"item\":\"https:\\\/\\\/physikalische-therapie.net\\\/?page_id=3023\"},{\"@type\":\"ListItem\",\"position\":3,\"name\":\"Reiki &#8211; Verweis\"}]},{\"@type\":\"WebSite\",\"@id\":\"https:\\\/\\\/physikalische-therapie.net\\\/#website\",\"url\":\"https:\\\/\\\/physikalische-therapie.net\\\/\",\"name\":\"Praxis f\u00fcr K\u00f6rpertherapie\",\"description\":\"und Physikalische Medizin\",\"publisher\":{\"@id\":\"https:\\\/\\\/physikalische-therapie.net\\\/#organization\"},\"potentialAction\":[{\"@type\":\"SearchAction\",\"target\":{\"@type\":\"EntryPoint\",\"urlTemplate\":\"https:\\\/\\\/physikalische-therapie.net\\\/?s={search_term_string}\"},\"query-input\":{\"@type\":\"PropertyValueSpecification\",\"valueRequired\":true,\"valueName\":\"search_term_string\"}}],\"inLanguage\":\"de\"},{\"@type\":\"Organization\",\"@id\":\"https:\\\/\\\/physikalische-therapie.net\\\/#organization\",\"name\":\"Praxis f\u00fcr K\u00f6rpertherapie und Physikaliche Medizin\",\"url\":\"https:\\\/\\\/physikalische-therapie.net\\\/\",\"logo\":{\"@type\":\"ImageObject\",\"inLanguage\":\"de\",\"@id\":\"https:\\\/\\\/physikalische-therapie.net\\\/#\\\/schema\\\/logo\\\/image\\\/\",\"url\":\"https:\\\/\\\/physikalische-therapie.net\\\/wp-content\\\/uploads\\\/Logo-quadratisch.jpg\",\"contentUrl\":\"https:\\\/\\\/physikalische-therapie.net\\\/wp-content\\\/uploads\\\/Logo-quadratisch.jpg\",\"width\":2000,\"height\":2000,\"caption\":\"Praxis f\u00fcr K\u00f6rpertherapie und Physikaliche Medizin\"},\"image\":{\"@id\":\"https:\\\/\\\/physikalische-therapie.net\\\/#\\\/schema\\\/logo\\\/image\\\/\"}}]}<\/script>\n<!-- \/ Yoast SEO plugin. -->","yoast_head_json":{"title":"Reiki | Weg zu Achtsamkeit und innerer Balance","description":"Reiki als spirituell-meditativer Ansatz zur F\u00f6rderung von Achtsamkeit, Entspannung und Selbstwahrnehmung.","robots":{"index":"index","follow":"follow","max-snippet":"max-snippet:-1","max-image-preview":"max-image-preview:large","max-video-preview":"max-video-preview:-1"},"canonical":"https:\/\/physikalische-therapie.net\/?page_id=3045","og_locale":"de_DE","og_type":"article","og_title":"Reiki | Weg zu Achtsamkeit und innerer Balance","og_description":"Reiki als spirituell-meditativer Ansatz zur F\u00f6rderung von Achtsamkeit, Entspannung und Selbstwahrnehmung.","og_url":"https:\/\/physikalische-therapie.net\/?page_id=3045","og_site_name":"Praxis f\u00fcr K\u00f6rpertherapie","article_modified_time":"2026-01-27T19:16:20+00:00","og_image":[{"width":508,"height":1191,"url":"https:\/\/physikalische-therapie.net\/wp-content\/uploads\/Reiki-Kanji.jpg","type":"image\/jpeg"}],"twitter_card":"summary_large_image","twitter_misc":{"Gesch\u00e4tzte Lesezeit":"2\u00a0Minuten"},"schema":{"@context":"https:\/\/schema.org","@graph":[{"@type":"WebPage","@id":"https:\/\/physikalische-therapie.net\/?page_id=3045","url":"https:\/\/physikalische-therapie.net\/?page_id=3045","name":"Reiki | Weg zu Achtsamkeit und innerer Balance","isPartOf":{"@id":"https:\/\/physikalische-therapie.net\/#website"},"primaryImageOfPage":{"@id":"https:\/\/physikalische-therapie.net\/?page_id=3045#primaryimage"},"image":{"@id":"https:\/\/physikalische-therapie.net\/?page_id=3045#primaryimage"},"thumbnailUrl":"https:\/\/physikalische-therapie.net\/wp-content\/uploads\/Reiki-Kanji-320x750.jpg","datePublished":"2019-08-09T11:24:40+00:00","dateModified":"2026-01-27T19:16:20+00:00","description":"Reiki als spirituell-meditativer Ansatz zur F\u00f6rderung von Achtsamkeit, Entspannung und Selbstwahrnehmung.","breadcrumb":{"@id":"https:\/\/physikalische-therapie.net\/?page_id=3045#breadcrumb"},"inLanguage":"de","potentialAction":[{"@type":"ReadAction","target":["https:\/\/physikalische-therapie.net\/?page_id=3045"]}]},{"@type":"ImageObject","inLanguage":"de","@id":"https:\/\/physikalische-therapie.net\/?page_id=3045#primaryimage","url":"https:\/\/physikalische-therapie.net\/wp-content\/uploads\/Reiki-Kanji.jpg","contentUrl":"https:\/\/physikalische-therapie.net\/wp-content\/uploads\/Reiki-Kanji.jpg","width":508,"height":1191},{"@type":"BreadcrumbList","@id":"https:\/\/physikalische-therapie.net\/?page_id=3045#breadcrumb","itemListElement":[{"@type":"ListItem","position":1,"name":"Start","item":"https:\/\/physikalische-therapie.net\/"},{"@type":"ListItem","position":2,"name":"Portfolio","item":"https:\/\/physikalische-therapie.net\/?page_id=3023"},{"@type":"ListItem","position":3,"name":"Reiki &#8211; Verweis"}]},{"@type":"WebSite","@id":"https:\/\/physikalische-therapie.net\/#website","url":"https:\/\/physikalische-therapie.net\/","name":"Praxis f\u00fcr K\u00f6rpertherapie","description":"und Physikalische Medizin","publisher":{"@id":"https:\/\/physikalische-therapie.net\/#organization"},"potentialAction":[{"@type":"SearchAction","target":{"@type":"EntryPoint","urlTemplate":"https:\/\/physikalische-therapie.net\/?s={search_term_string}"},"query-input":{"@type":"PropertyValueSpecification","valueRequired":true,"valueName":"search_term_string"}}],"inLanguage":"de"},{"@type":"Organization","@id":"https:\/\/physikalische-therapie.net\/#organization","name":"Praxis f\u00fcr K\u00f6rpertherapie und Physikaliche Medizin","url":"https:\/\/physikalische-therapie.net\/","logo":{"@type":"ImageObject","inLanguage":"de","@id":"https:\/\/physikalische-therapie.net\/#\/schema\/logo\/image\/","url":"https:\/\/physikalische-therapie.net\/wp-content\/uploads\/Logo-quadratisch.jpg","contentUrl":"https:\/\/physikalische-therapie.net\/wp-content\/uploads\/Logo-quadratisch.jpg","width":2000,"height":2000,"caption":"Praxis f\u00fcr K\u00f6rpertherapie und Physikaliche Medizin"},"image":{"@id":"https:\/\/physikalische-therapie.net\/#\/schema\/logo\/image\/"}}]}},"_links":{"self":[{"href":"https:\/\/physikalische-therapie.net\/index.php?rest_route=\/wp\/v2\/pages\/3045","targetHints":{"allow":["GET"]}}],"collection":[{"href":"https:\/\/physikalische-therapie.net\/index.php?rest_route=\/wp\/v2\/pages"}],"about":[{"href":"https:\/\/physikalische-therapie.net\/index.php?rest_route=\/wp\/v2\/types\/page"}],"author":[{"embeddable":true,"href":"https:\/\/physikalische-therapie.net\/index.php?rest_route=\/wp\/v2\/users\/5"}],"replies":[{"embeddable":true,"href":"https:\/\/physikalische-therapie.net\/index.php?rest_route=%2Fwp%2Fv2%2Fcomments&post=3045"}],"version-history":[{"count":1,"href":"https:\/\/physikalische-therapie.net\/index.php?rest_route=\/wp\/v2\/pages\/3045\/revisions"}],"predecessor-version":[{"id":4368,"href":"https:\/\/physikalische-therapie.net\/index.php?rest_route=\/wp\/v2\/pages\/3045\/revisions\/4368"}],"up":[{"embeddable":true,"href":"https:\/\/physikalische-therapie.net\/index.php?rest_route=\/wp\/v2\/pages\/3023"}],"wp:attachment":[{"href":"https:\/\/physikalische-therapie.net\/index.php?rest_route=%2Fwp%2Fv2%2Fmedia&parent=3045"}],"curies":[{"name":"wp","href":"https:\/\/api.w.org\/{rel}","templated":true}]}}