{"id":3633,"date":"2024-06-17T14:19:31","date_gmt":"2024-06-17T12:19:31","guid":{"rendered":"https:\/\/physikalische-therapie.net\/?page_id=3633"},"modified":"2026-01-27T20:28:59","modified_gmt":"2026-01-27T18:28:59","slug":"manuelle-lympdrainage","status":"publish","type":"page","link":"https:\/\/physikalische-therapie.net\/?page_id=3633","title":{"rendered":"Manuelle Lympdrainage"},"content":{"rendered":"<h1>Manuelle Lymphdrainage<\/h1>\n<p>Mit der Manuellen Lymphdrainage werden St\u00f6rungen des Lymphsystems behandelt. Wenn das Lymphsystem gest\u00f6rt ist, staut sich das K\u00f6rperwasser im Gewebe. Es kommt zu Schwellungen (\u00d6demen). Durch die besondere Grifftechnik wird das Lymphsystem angeregt und seine Funktion gesteigert. Ziel ist es dabei, die Leistungsf\u00e4higkeit des Lymphsystems zu st\u00e4rken oder wiederherzustellen, den \u00fcbrigen Stoffwechsel im Gewebe und das Immunsystem zu aktivieren und die innere Reinhaltung des K\u00f6rpers zu beschleunigen.<\/p>\n<p>In der <a href=\"https:\/\/physiotherapie-tautz.de\/wp-content\/uploads\/a-1492-5120.pdf\" target=\"_blank\" rel=\"noopener noreferrer\"><em>Akut- und Fr\u00fchphase von Muskelverletzungen<\/em><\/a> haben sich oberfl\u00e4chliche und manuelle Lymphdrainage gut bew\u00e4hrt. Weitere Anwendungsbereiche sind unter anderem<\/p>\n<ul>\n<li>die Behandlung von Schwellungen nach chirurgischen Eingriffen und<a href=\"https:\/\/flexikon.doccheck.com\/de\/Myofaszial\" target=\"_blank\" rel=\"noopener noreferrer\"><em> myofasziale<\/em><\/a> und Gelenkverletzungen,<\/li>\n<li><a href=\"https:\/\/www.apotheken.de\/symptome\/12286-kopfschmerzen-chronisch\" target=\"_blank\" rel=\"noopener noreferrer\"><em>chronischer<\/em><em> Kopfschmerz<\/em><\/a> und <a href=\"https:\/\/de.wikipedia.org\/wiki\/Migr%C3%A4ne\" target=\"_blank\" rel=\"noopener noreferrer\"><em>Migr\u00e4ne<\/em><\/a> (Behandlung von Nacken, Kopfhaut und Gesicht),<\/li>\n<li>entz\u00fcndliche Rheumatismusformen, insbesondere bei <a href=\"https:\/\/de.wikipedia.org\/wiki\/Rheumatoide_Arthritis\" target=\"_blank\" rel=\"noopener noreferrer\"><em>rheumatoider Arthritis,<\/em><\/a><\/li>\n<li>in der Zahnheilkunde durch Behandlung im Kopf- und Halsbereich vor allem bei <a href=\"https:\/\/physiotherapie-tautz.de\/kiefergelenkbehandlung\/\" target=\"_blank\" rel=\"noopener noreferrer\"><em>Kieferproblemen<\/em><\/a>,<\/li>\n<li><a href=\"https:\/\/de.wikipedia.org\/wiki\/Komplexes_regionales_Schmerzsyndrom\" target=\"_blank\" rel=\"noopener noreferrer\"><em>komplexes regionales Schmerzsyndrom <\/em><\/a>(Morbus Sudeck),<\/li>\n<li>und <a href=\"https:\/\/de.wikipedia.org\/wiki\/Lip%C3%B6dem\" target=\"_blank\" rel=\"noopener noreferrer\"><em>Lip\u00f6dem<\/em><\/a>.<\/li>\n<\/ul>\n<p>Eine Behandlung dauert in der Regel 30, 45 oder 60 Minuten.<\/p>\n<hr \/>\n<h2><img loading=\"lazy\" decoding=\"async\" class=\" wp-image-3762 alignleft\" src=\"https:\/\/physikalische-therapie.net\/wp-content\/uploads\/Diagramm_des_lymphatischen_Systems_CRUK_041.svg_-418x750.png\" alt=\"\" width=\"180\" height=\"323\" srcset=\"https:\/\/physikalische-therapie.net\/wp-content\/uploads\/Diagramm_des_lymphatischen_Systems_CRUK_041.svg_-418x750.png 418w, https:\/\/physikalische-therapie.net\/wp-content\/uploads\/Diagramm_des_lymphatischen_Systems_CRUK_041.svg_-768x1380.png 768w, https:\/\/physikalische-therapie.net\/wp-content\/uploads\/Diagramm_des_lymphatischen_Systems_CRUK_041.svg_.png 800w\" sizes=\"auto, (max-width: 180px) 100vw, 180px\" \/>Das Lymphsystem<\/h2>\n<p>Das Lymphatische System ist ein Teil des Abwehrsystems gegen <em><a title=\"Wikipedia: Krankheitserreger\" href=\"http:\/\/de.wikipedia.org\/wiki\/Krankheitserreger\" target=\"_blank\" rel=\"noopener noreferrer\">Krankheitserreger<\/a><\/em>, Fremdpartikel und krankhaft ver\u00e4nderte K\u00f6rperbestandteile wie <em><a title=\"Wikipedia: Tumor\" href=\"http:\/\/de.wikipedia.org\/wiki\/Tumor\" target=\"_blank\" rel=\"noopener noreferrer\">Tumorzellen<\/a><\/em>. Es gliedert sich in die lymphatischen Organe und das Lymphgef\u00e4\u00dfsystem. Das Lymphgef\u00e4\u00dfsystem hat neben der Funktion im Abwehrsystem auch eine Bedeutung im Fl\u00fcssigkeitstransport und steht in enger Beziehung zum <em><a title=\"Wikipedia: Blutkreislauf\" href=\"http:\/\/de.wikipedia.org\/wiki\/Blutkreislauf\" target=\"_blank\" rel=\"noopener noreferrer\">Blutkreislauf<\/a><\/em>. T\u00e4glich gibt das K\u00f6rpergewebe zwei bis vier Liter Fl\u00fcssigkeit an das Lymphsystem ab. Dann wird die Fl\u00fcssigkeit \u2013 und mit ihr Stoffwechselprodukte, Gifte und Erreger (Bakterien, Pilze Viren) \u2013 \u00fcber das Venensystem abgeleitet.<\/p>\n<hr \/>\n<p><em>Quelle<\/em>: mit Material von <strong><em><a href=\"https:\/\/de.wikipedia.org\/wiki\/Lymphatisches_System\" target=\"_blank\" rel=\"noopener\">Wikipedia<\/a><\/em><\/strong><\/p>\n","protected":false},"excerpt":{"rendered":"<p>Manuelle Lymphdrainage Mit der Manuellen Lymphdrainage werden St\u00f6rungen des Lymphsystems behandelt. Wenn das Lymphsystem gest\u00f6rt ist, staut sich das K\u00f6rperwasser im Gewebe. Es kommt zu Schwellungen (\u00d6demen). Durch die besondere Grifftechnik wird das Lymphsystem angeregt und seine Funktion gesteigert. Ziel ist es dabei, die Leistungsf\u00e4higkeit des Lymphsystems zu st\u00e4rken oder wiederherzustellen, den \u00fcbrigen Stoffwechsel im [&hellip;]<\/p>\n","protected":false},"author":5,"featured_media":0,"parent":3621,"menu_order":2,"comment_status":"closed","ping_status":"closed","template":"","meta":{"_acf_changed":false,"footnotes":""},"class_list":["post-3633","page","type-page","status-publish","hentry"],"acf":[],"yoast_head":"<!-- This site is optimized with the Yoast SEO plugin v27.5 - https:\/\/yoast.com\/product\/yoast-seo-wordpress\/ -->\n<title>Manuelle Lymphdrainage | Physiotherapeutische Behandlung<\/title>\n<meta name=\"description\" content=\"Manuelle Lymphdrainage als physiotherapeutische Behandlung zur Reduktion von \u00d6demen und zur Unterst\u00fctzung des Lymphsystems.\" \/>\n<meta name=\"robots\" content=\"index, follow, max-snippet:-1, max-image-preview:large, max-video-preview:-1\" \/>\n<link rel=\"canonical\" href=\"https:\/\/physikalische-therapie.net\/?page_id=3633\" \/>\n<meta property=\"og:locale\" content=\"de_DE\" \/>\n<meta property=\"og:type\" content=\"article\" \/>\n<meta property=\"og:title\" content=\"Manuelle Lymphdrainage | Physiotherapeutische Behandlung\" \/>\n<meta property=\"og:description\" content=\"Manuelle Lymphdrainage als physiotherapeutische Behandlung zur Reduktion von \u00d6demen und zur Unterst\u00fctzung des Lymphsystems.\" \/>\n<meta property=\"og:url\" content=\"https:\/\/physikalische-therapie.net\/?page_id=3633\" \/>\n<meta property=\"og:site_name\" content=\"Praxis f\u00fcr K\u00f6rpertherapie\" \/>\n<meta property=\"article:modified_time\" content=\"2026-01-27T18:28:59+00:00\" \/>\n<meta property=\"og:image\" content=\"https:\/\/physikalische-therapie.net\/wp-content\/uploads\/Diagramm_des_lymphatischen_Systems_CRUK_041.svg_.png\" \/>\n\t<meta property=\"og:image:width\" content=\"800\" \/>\n\t<meta property=\"og:image:height\" content=\"1437\" \/>\n\t<meta property=\"og:image:type\" content=\"image\/png\" \/>\n<meta name=\"twitter:card\" content=\"summary_large_image\" \/>\n<meta name=\"twitter:label1\" content=\"Gesch\u00e4tzte Lesezeit\" \/>\n\t<meta name=\"twitter:data1\" content=\"2\u00a0Minuten\" \/>\n<script type=\"application\/ld+json\" class=\"yoast-schema-graph\">{\"@context\":\"https:\\\/\\\/schema.org\",\"@graph\":[{\"@type\":\"WebPage\",\"@id\":\"https:\\\/\\\/physikalische-therapie.net\\\/?page_id=3633\",\"url\":\"https:\\\/\\\/physikalische-therapie.net\\\/?page_id=3633\",\"name\":\"Manuelle Lymphdrainage | Physiotherapeutische Behandlung\",\"isPartOf\":{\"@id\":\"https:\\\/\\\/physikalische-therapie.net\\\/#website\"},\"primaryImageOfPage\":{\"@id\":\"https:\\\/\\\/physikalische-therapie.net\\\/?page_id=3633#primaryimage\"},\"image\":{\"@id\":\"https:\\\/\\\/physikalische-therapie.net\\\/?page_id=3633#primaryimage\"},\"thumbnailUrl\":\"https:\\\/\\\/physikalische-therapie.net\\\/wp-content\\\/uploads\\\/Diagramm_des_lymphatischen_Systems_CRUK_041.svg_-418x750.png\",\"datePublished\":\"2024-06-17T12:19:31+00:00\",\"dateModified\":\"2026-01-27T18:28:59+00:00\",\"description\":\"Manuelle Lymphdrainage als physiotherapeutische Behandlung zur Reduktion von \u00d6demen und zur Unterst\u00fctzung des Lymphsystems.\",\"breadcrumb\":{\"@id\":\"https:\\\/\\\/physikalische-therapie.net\\\/?page_id=3633#breadcrumb\"},\"inLanguage\":\"de\",\"potentialAction\":[{\"@type\":\"ReadAction\",\"target\":[\"https:\\\/\\\/physikalische-therapie.net\\\/?page_id=3633\"]}]},{\"@type\":\"ImageObject\",\"inLanguage\":\"de\",\"@id\":\"https:\\\/\\\/physikalische-therapie.net\\\/?page_id=3633#primaryimage\",\"url\":\"https:\\\/\\\/physikalische-therapie.net\\\/wp-content\\\/uploads\\\/Diagramm_des_lymphatischen_Systems_CRUK_041.svg_.png\",\"contentUrl\":\"https:\\\/\\\/physikalische-therapie.net\\\/wp-content\\\/uploads\\\/Diagramm_des_lymphatischen_Systems_CRUK_041.svg_.png\",\"width\":800,\"height\":1437},{\"@type\":\"BreadcrumbList\",\"@id\":\"https:\\\/\\\/physikalische-therapie.net\\\/?page_id=3633#breadcrumb\",\"itemListElement\":[{\"@type\":\"ListItem\",\"position\":1,\"name\":\"Start\",\"item\":\"https:\\\/\\\/physikalische-therapie.net\\\/\"},{\"@type\":\"ListItem\",\"position\":2,\"name\":\"Portfolio\",\"item\":\"https:\\\/\\\/physikalische-therapie.net\\\/?page_id=3023\"},{\"@type\":\"ListItem\",\"position\":3,\"name\":\"Physiotherapie\",\"item\":\"https:\\\/\\\/physikalische-therapie.net\\\/?page_id=3621\"},{\"@type\":\"ListItem\",\"position\":4,\"name\":\"Manuelle Lympdrainage\"}]},{\"@type\":\"WebSite\",\"@id\":\"https:\\\/\\\/physikalische-therapie.net\\\/#website\",\"url\":\"https:\\\/\\\/physikalische-therapie.net\\\/\",\"name\":\"Praxis f\u00fcr K\u00f6rpertherapie\",\"description\":\"und Physikalische Medizin\",\"publisher\":{\"@id\":\"https:\\\/\\\/physikalische-therapie.net\\\/#organization\"},\"potentialAction\":[{\"@type\":\"SearchAction\",\"target\":{\"@type\":\"EntryPoint\",\"urlTemplate\":\"https:\\\/\\\/physikalische-therapie.net\\\/?s={search_term_string}\"},\"query-input\":{\"@type\":\"PropertyValueSpecification\",\"valueRequired\":true,\"valueName\":\"search_term_string\"}}],\"inLanguage\":\"de\"},{\"@type\":\"Organization\",\"@id\":\"https:\\\/\\\/physikalische-therapie.net\\\/#organization\",\"name\":\"Praxis f\u00fcr K\u00f6rpertherapie und Physikaliche Medizin\",\"url\":\"https:\\\/\\\/physikalische-therapie.net\\\/\",\"logo\":{\"@type\":\"ImageObject\",\"inLanguage\":\"de\",\"@id\":\"https:\\\/\\\/physikalische-therapie.net\\\/#\\\/schema\\\/logo\\\/image\\\/\",\"url\":\"https:\\\/\\\/physikalische-therapie.net\\\/wp-content\\\/uploads\\\/Logo-quadratisch.jpg\",\"contentUrl\":\"https:\\\/\\\/physikalische-therapie.net\\\/wp-content\\\/uploads\\\/Logo-quadratisch.jpg\",\"width\":2000,\"height\":2000,\"caption\":\"Praxis f\u00fcr K\u00f6rpertherapie und Physikaliche Medizin\"},\"image\":{\"@id\":\"https:\\\/\\\/physikalische-therapie.net\\\/#\\\/schema\\\/logo\\\/image\\\/\"}}]}<\/script>\n<!-- \/ Yoast SEO plugin. -->","yoast_head_json":{"title":"Manuelle Lymphdrainage | Physiotherapeutische Behandlung","description":"Manuelle Lymphdrainage als physiotherapeutische Behandlung zur Reduktion von \u00d6demen und zur Unterst\u00fctzung des Lymphsystems.","robots":{"index":"index","follow":"follow","max-snippet":"max-snippet:-1","max-image-preview":"max-image-preview:large","max-video-preview":"max-video-preview:-1"},"canonical":"https:\/\/physikalische-therapie.net\/?page_id=3633","og_locale":"de_DE","og_type":"article","og_title":"Manuelle Lymphdrainage | Physiotherapeutische Behandlung","og_description":"Manuelle Lymphdrainage als physiotherapeutische Behandlung zur Reduktion von \u00d6demen und zur Unterst\u00fctzung des Lymphsystems.","og_url":"https:\/\/physikalische-therapie.net\/?page_id=3633","og_site_name":"Praxis f\u00fcr K\u00f6rpertherapie","article_modified_time":"2026-01-27T18:28:59+00:00","og_image":[{"width":800,"height":1437,"url":"https:\/\/physikalische-therapie.net\/wp-content\/uploads\/Diagramm_des_lymphatischen_Systems_CRUK_041.svg_.png","type":"image\/png"}],"twitter_card":"summary_large_image","twitter_misc":{"Gesch\u00e4tzte Lesezeit":"2\u00a0Minuten"},"schema":{"@context":"https:\/\/schema.org","@graph":[{"@type":"WebPage","@id":"https:\/\/physikalische-therapie.net\/?page_id=3633","url":"https:\/\/physikalische-therapie.net\/?page_id=3633","name":"Manuelle Lymphdrainage | Physiotherapeutische Behandlung","isPartOf":{"@id":"https:\/\/physikalische-therapie.net\/#website"},"primaryImageOfPage":{"@id":"https:\/\/physikalische-therapie.net\/?page_id=3633#primaryimage"},"image":{"@id":"https:\/\/physikalische-therapie.net\/?page_id=3633#primaryimage"},"thumbnailUrl":"https:\/\/physikalische-therapie.net\/wp-content\/uploads\/Diagramm_des_lymphatischen_Systems_CRUK_041.svg_-418x750.png","datePublished":"2024-06-17T12:19:31+00:00","dateModified":"2026-01-27T18:28:59+00:00","description":"Manuelle Lymphdrainage als physiotherapeutische Behandlung zur Reduktion von \u00d6demen und zur Unterst\u00fctzung des Lymphsystems.","breadcrumb":{"@id":"https:\/\/physikalische-therapie.net\/?page_id=3633#breadcrumb"},"inLanguage":"de","potentialAction":[{"@type":"ReadAction","target":["https:\/\/physikalische-therapie.net\/?page_id=3633"]}]},{"@type":"ImageObject","inLanguage":"de","@id":"https:\/\/physikalische-therapie.net\/?page_id=3633#primaryimage","url":"https:\/\/physikalische-therapie.net\/wp-content\/uploads\/Diagramm_des_lymphatischen_Systems_CRUK_041.svg_.png","contentUrl":"https:\/\/physikalische-therapie.net\/wp-content\/uploads\/Diagramm_des_lymphatischen_Systems_CRUK_041.svg_.png","width":800,"height":1437},{"@type":"BreadcrumbList","@id":"https:\/\/physikalische-therapie.net\/?page_id=3633#breadcrumb","itemListElement":[{"@type":"ListItem","position":1,"name":"Start","item":"https:\/\/physikalische-therapie.net\/"},{"@type":"ListItem","position":2,"name":"Portfolio","item":"https:\/\/physikalische-therapie.net\/?page_id=3023"},{"@type":"ListItem","position":3,"name":"Physiotherapie","item":"https:\/\/physikalische-therapie.net\/?page_id=3621"},{"@type":"ListItem","position":4,"name":"Manuelle Lympdrainage"}]},{"@type":"WebSite","@id":"https:\/\/physikalische-therapie.net\/#website","url":"https:\/\/physikalische-therapie.net\/","name":"Praxis f\u00fcr K\u00f6rpertherapie","description":"und Physikalische Medizin","publisher":{"@id":"https:\/\/physikalische-therapie.net\/#organization"},"potentialAction":[{"@type":"SearchAction","target":{"@type":"EntryPoint","urlTemplate":"https:\/\/physikalische-therapie.net\/?s={search_term_string}"},"query-input":{"@type":"PropertyValueSpecification","valueRequired":true,"valueName":"search_term_string"}}],"inLanguage":"de"},{"@type":"Organization","@id":"https:\/\/physikalische-therapie.net\/#organization","name":"Praxis f\u00fcr K\u00f6rpertherapie und Physikaliche Medizin","url":"https:\/\/physikalische-therapie.net\/","logo":{"@type":"ImageObject","inLanguage":"de","@id":"https:\/\/physikalische-therapie.net\/#\/schema\/logo\/image\/","url":"https:\/\/physikalische-therapie.net\/wp-content\/uploads\/Logo-quadratisch.jpg","contentUrl":"https:\/\/physikalische-therapie.net\/wp-content\/uploads\/Logo-quadratisch.jpg","width":2000,"height":2000,"caption":"Praxis f\u00fcr K\u00f6rpertherapie und Physikaliche Medizin"},"image":{"@id":"https:\/\/physikalische-therapie.net\/#\/schema\/logo\/image\/"}}]}},"_links":{"self":[{"href":"https:\/\/physikalische-therapie.net\/index.php?rest_route=\/wp\/v2\/pages\/3633","targetHints":{"allow":["GET"]}}],"collection":[{"href":"https:\/\/physikalische-therapie.net\/index.php?rest_route=\/wp\/v2\/pages"}],"about":[{"href":"https:\/\/physikalische-therapie.net\/index.php?rest_route=\/wp\/v2\/types\/page"}],"author":[{"embeddable":true,"href":"https:\/\/physikalische-therapie.net\/index.php?rest_route=\/wp\/v2\/users\/5"}],"replies":[{"embeddable":true,"href":"https:\/\/physikalische-therapie.net\/index.php?rest_route=%2Fwp%2Fv2%2Fcomments&post=3633"}],"version-history":[{"count":0,"href":"https:\/\/physikalische-therapie.net\/index.php?rest_route=\/wp\/v2\/pages\/3633\/revisions"}],"up":[{"embeddable":true,"href":"https:\/\/physikalische-therapie.net\/index.php?rest_route=\/wp\/v2\/pages\/3621"}],"wp:attachment":[{"href":"https:\/\/physikalische-therapie.net\/index.php?rest_route=%2Fwp%2Fv2%2Fmedia&parent=3633"}],"curies":[{"name":"wp","href":"https:\/\/api.w.org\/{rel}","templated":true}]}}