{"id":3790,"date":"2024-07-12T11:18:52","date_gmt":"2024-07-12T09:18:52","guid":{"rendered":"https:\/\/physikalische-therapie.net\/?page_id=3790"},"modified":"2026-01-27T21:13:49","modified_gmt":"2026-01-27T19:13:49","slug":"reiki","status":"publish","type":"page","link":"https:\/\/physikalische-therapie.net\/?page_id=3790","title":{"rendered":"Reiki"},"content":{"rendered":"<h1>Reiki<\/h1>\n<p><img loading=\"lazy\" decoding=\"async\" class=\"wp-image-3794 alignleft\" src=\"https:\/\/physikalische-therapie.net\/wp-content\/uploads\/Quote-Web-580x670.jpg\" alt=\"\" width=\"145\" height=\"168\" srcset=\"https:\/\/physikalische-therapie.net\/wp-content\/uploads\/Quote-Web-580x670.jpg 580w, https:\/\/physikalische-therapie.net\/wp-content\/uploads\/Quote-Web-650x750.jpg 650w, https:\/\/physikalische-therapie.net\/wp-content\/uploads\/Quote-Web-768x887.jpg 768w, https:\/\/physikalische-therapie.net\/wp-content\/uploads\/Quote-Web.jpg 886w\" sizes=\"auto, (max-width: 145px) 100vw, 145px\" \/><em>F\u00fcr mich ist <strong><a href=\"https:\/\/physikalische-therapie.net\/portfolio\/reiki-verweis\/\" target=\"_blank\" rel=\"noopener\">Reiki<\/a> <\/strong>nicht nur ein Heilverfahren \u2013 es ist eher ein Weg: Wie m\u00f6chte ich leben, wie den Herausforderungen des Alltags begegnen, wie mit Menschen verbunden sein? Wie geht Selbstf\u00fcrsorge, wie finde ich Mitte und Balance? Wie gehe ich mit Konflikten um, wie mit alten Verletzungen und Zukunfts\u00e4ngsten?<strong><br \/>\n<\/strong><\/em><em><strong>&nbsp;&nbsp;&nbsp;&nbsp;&nbsp;&nbsp;&nbsp;&nbsp;&nbsp;&nbsp;&nbsp;&nbsp;&nbsp;&nbsp;&nbsp;&nbsp;&nbsp;&nbsp;&nbsp;&nbsp;&nbsp;&nbsp;&nbsp;&nbsp;&nbsp;&nbsp;&nbsp;&nbsp;&nbsp;&nbsp;&nbsp; &nbsp; &nbsp; &nbsp; &nbsp;&nbsp;&nbsp;&nbsp;&nbsp;&nbsp;&nbsp;&nbsp; &nbsp; &nbsp; &nbsp; &nbsp; &nbsp; &nbsp; &nbsp; &nbsp; &nbsp; &nbsp; &nbsp; &nbsp;&nbsp; &nbsp; &nbsp; &nbsp; &nbsp; &nbsp;&nbsp;&nbsp; &nbsp; &nbsp;&nbsp; &nbsp; <\/strong><\/em><strong>Peggy Tautz<\/strong><\/p>\n<hr \/>\n<p><em><strong>&nbsp;<a href=\"https:\/\/physikalische-therapie.net\/?page_id=3045\" rel=\"noopener\">Mehr \u2192<\/a><\/strong><\/em><\/p>\n<hr \/>\n<h4><em>Unsere Angebote:<\/em><\/h4>\n<ul>\n<li><em>Reiki-Kurs I (Erwerb des 1. Reiki-Grades): <\/em>auf Anfrage<\/li>\n<li><em>Reiki f\u00fcr Jugendliche:<\/em> auf Anfrage<\/li>\n<li><em>Reiki-Kurs II (Erwerb des 2. Reiki-Grades): <\/em>auf Anfrage<\/li>\n<li><em>Reiki-Intensivtage: <\/em>auf Anfrage<\/li>\n<li><em>Einzelbehandlungen:<\/em> auf Anfrage<\/li>\n<\/ul>\n","protected":false},"excerpt":{"rendered":"<p>Reiki F\u00fcr mich ist Reiki nicht nur ein Heilverfahren \u2013 es ist eher ein Weg: Wie m\u00f6chte ich leben, wie den Herausforderungen des Alltags begegnen, wie mit Menschen verbunden sein? Wie geht Selbstf\u00fcrsorge, wie finde ich Mitte und Balance? Wie gehe ich mit Konflikten um, wie mit alten Verletzungen und Zukunfts\u00e4ngsten? &nbsp;&nbsp;&nbsp;&nbsp;&nbsp;&nbsp;&nbsp;&nbsp;&nbsp;&nbsp;&nbsp;&nbsp;&nbsp;&nbsp;&nbsp;&nbsp;&nbsp;&nbsp;&nbsp;&nbsp;&nbsp;&nbsp;&nbsp;&nbsp;&nbsp;&nbsp;&nbsp;&nbsp;&nbsp;&nbsp;&nbsp; &nbsp; &nbsp; &nbsp; [&hellip;]<\/p>\n","protected":false},"author":5,"featured_media":0,"parent":3023,"menu_order":6,"comment_status":"closed","ping_status":"closed","template":"","meta":{"_acf_changed":false,"footnotes":""},"class_list":["post-3790","page","type-page","status-publish","hentry"],"acf":[],"yoast_head":"<!-- This site is optimized with the Yoast SEO plugin v27.5 - https:\/\/yoast.com\/product\/yoast-seo-wordpress\/ -->\n<title>Reiki | Achtsamkeit, Selbstf\u00fcrsorge und innere Balance<\/title>\n<meta name=\"description\" content=\"Reiki als spiritueller Weg zu Achtsamkeit, Selbstf\u00fcrsorge und innerer Balance \u2013 Kurse und Einzelangebote auf Anfrage.\" \/>\n<meta name=\"robots\" content=\"index, follow, max-snippet:-1, max-image-preview:large, max-video-preview:-1\" \/>\n<link rel=\"canonical\" href=\"https:\/\/physikalische-therapie.net\/?page_id=3790\" \/>\n<meta property=\"og:locale\" content=\"de_DE\" \/>\n<meta property=\"og:type\" content=\"article\" \/>\n<meta property=\"og:title\" content=\"Reiki | Achtsamkeit, Selbstf\u00fcrsorge und innere Balance\" \/>\n<meta property=\"og:description\" content=\"Reiki als spiritueller Weg zu Achtsamkeit, Selbstf\u00fcrsorge und innerer Balance \u2013 Kurse und Einzelangebote auf Anfrage.\" \/>\n<meta property=\"og:url\" content=\"https:\/\/physikalische-therapie.net\/?page_id=3790\" \/>\n<meta property=\"og:site_name\" content=\"Praxis f\u00fcr K\u00f6rpertherapie\" \/>\n<meta property=\"article:modified_time\" content=\"2026-01-27T19:13:49+00:00\" \/>\n<meta property=\"og:image\" content=\"https:\/\/physikalische-therapie.net\/wp-content\/uploads\/Quote-Web.jpg\" \/>\n\t<meta property=\"og:image:width\" content=\"886\" \/>\n\t<meta property=\"og:image:height\" content=\"1023\" \/>\n\t<meta property=\"og:image:type\" content=\"image\/jpeg\" \/>\n<meta name=\"twitter:card\" content=\"summary_large_image\" \/>\n<meta name=\"twitter:label1\" content=\"Gesch\u00e4tzte Lesezeit\" \/>\n\t<meta name=\"twitter:data1\" content=\"1\u00a0Minute\" \/>\n<script type=\"application\/ld+json\" class=\"yoast-schema-graph\">{\"@context\":\"https:\\\/\\\/schema.org\",\"@graph\":[{\"@type\":\"WebPage\",\"@id\":\"https:\\\/\\\/physikalische-therapie.net\\\/?page_id=3790\",\"url\":\"https:\\\/\\\/physikalische-therapie.net\\\/?page_id=3790\",\"name\":\"Reiki | Achtsamkeit, Selbstf\u00fcrsorge und innere Balance\",\"isPartOf\":{\"@id\":\"https:\\\/\\\/physikalische-therapie.net\\\/#website\"},\"primaryImageOfPage\":{\"@id\":\"https:\\\/\\\/physikalische-therapie.net\\\/?page_id=3790#primaryimage\"},\"image\":{\"@id\":\"https:\\\/\\\/physikalische-therapie.net\\\/?page_id=3790#primaryimage\"},\"thumbnailUrl\":\"https:\\\/\\\/physikalische-therapie.net\\\/wp-content\\\/uploads\\\/Quote-Web-580x670.jpg\",\"datePublished\":\"2024-07-12T09:18:52+00:00\",\"dateModified\":\"2026-01-27T19:13:49+00:00\",\"description\":\"Reiki als spiritueller Weg zu Achtsamkeit, Selbstf\u00fcrsorge und innerer Balance \u2013 Kurse und Einzelangebote auf Anfrage.\",\"breadcrumb\":{\"@id\":\"https:\\\/\\\/physikalische-therapie.net\\\/?page_id=3790#breadcrumb\"},\"inLanguage\":\"de\",\"potentialAction\":[{\"@type\":\"ReadAction\",\"target\":[\"https:\\\/\\\/physikalische-therapie.net\\\/?page_id=3790\"]}]},{\"@type\":\"ImageObject\",\"inLanguage\":\"de\",\"@id\":\"https:\\\/\\\/physikalische-therapie.net\\\/?page_id=3790#primaryimage\",\"url\":\"https:\\\/\\\/physikalische-therapie.net\\\/wp-content\\\/uploads\\\/Quote-Web.jpg\",\"contentUrl\":\"https:\\\/\\\/physikalische-therapie.net\\\/wp-content\\\/uploads\\\/Quote-Web.jpg\",\"width\":886,\"height\":1023},{\"@type\":\"BreadcrumbList\",\"@id\":\"https:\\\/\\\/physikalische-therapie.net\\\/?page_id=3790#breadcrumb\",\"itemListElement\":[{\"@type\":\"ListItem\",\"position\":1,\"name\":\"Start\",\"item\":\"https:\\\/\\\/physikalische-therapie.net\\\/\"},{\"@type\":\"ListItem\",\"position\":2,\"name\":\"Portfolio\",\"item\":\"https:\\\/\\\/physikalische-therapie.net\\\/?page_id=3023\"},{\"@type\":\"ListItem\",\"position\":3,\"name\":\"Reiki\"}]},{\"@type\":\"WebSite\",\"@id\":\"https:\\\/\\\/physikalische-therapie.net\\\/#website\",\"url\":\"https:\\\/\\\/physikalische-therapie.net\\\/\",\"name\":\"Praxis f\u00fcr K\u00f6rpertherapie\",\"description\":\"und Physikalische Medizin\",\"publisher\":{\"@id\":\"https:\\\/\\\/physikalische-therapie.net\\\/#organization\"},\"potentialAction\":[{\"@type\":\"SearchAction\",\"target\":{\"@type\":\"EntryPoint\",\"urlTemplate\":\"https:\\\/\\\/physikalische-therapie.net\\\/?s={search_term_string}\"},\"query-input\":{\"@type\":\"PropertyValueSpecification\",\"valueRequired\":true,\"valueName\":\"search_term_string\"}}],\"inLanguage\":\"de\"},{\"@type\":\"Organization\",\"@id\":\"https:\\\/\\\/physikalische-therapie.net\\\/#organization\",\"name\":\"Praxis f\u00fcr K\u00f6rpertherapie und Physikaliche Medizin\",\"url\":\"https:\\\/\\\/physikalische-therapie.net\\\/\",\"logo\":{\"@type\":\"ImageObject\",\"inLanguage\":\"de\",\"@id\":\"https:\\\/\\\/physikalische-therapie.net\\\/#\\\/schema\\\/logo\\\/image\\\/\",\"url\":\"https:\\\/\\\/physikalische-therapie.net\\\/wp-content\\\/uploads\\\/Logo-quadratisch.jpg\",\"contentUrl\":\"https:\\\/\\\/physikalische-therapie.net\\\/wp-content\\\/uploads\\\/Logo-quadratisch.jpg\",\"width\":2000,\"height\":2000,\"caption\":\"Praxis f\u00fcr K\u00f6rpertherapie und Physikaliche Medizin\"},\"image\":{\"@id\":\"https:\\\/\\\/physikalische-therapie.net\\\/#\\\/schema\\\/logo\\\/image\\\/\"}}]}<\/script>\n<!-- \/ Yoast SEO plugin. -->","yoast_head_json":{"title":"Reiki | Achtsamkeit, Selbstf\u00fcrsorge und innere Balance","description":"Reiki als spiritueller Weg zu Achtsamkeit, Selbstf\u00fcrsorge und innerer Balance \u2013 Kurse und Einzelangebote auf Anfrage.","robots":{"index":"index","follow":"follow","max-snippet":"max-snippet:-1","max-image-preview":"max-image-preview:large","max-video-preview":"max-video-preview:-1"},"canonical":"https:\/\/physikalische-therapie.net\/?page_id=3790","og_locale":"de_DE","og_type":"article","og_title":"Reiki | Achtsamkeit, Selbstf\u00fcrsorge und innere Balance","og_description":"Reiki als spiritueller Weg zu Achtsamkeit, Selbstf\u00fcrsorge und innerer Balance \u2013 Kurse und Einzelangebote auf Anfrage.","og_url":"https:\/\/physikalische-therapie.net\/?page_id=3790","og_site_name":"Praxis f\u00fcr K\u00f6rpertherapie","article_modified_time":"2026-01-27T19:13:49+00:00","og_image":[{"width":886,"height":1023,"url":"https:\/\/physikalische-therapie.net\/wp-content\/uploads\/Quote-Web.jpg","type":"image\/jpeg"}],"twitter_card":"summary_large_image","twitter_misc":{"Gesch\u00e4tzte Lesezeit":"1\u00a0Minute"},"schema":{"@context":"https:\/\/schema.org","@graph":[{"@type":"WebPage","@id":"https:\/\/physikalische-therapie.net\/?page_id=3790","url":"https:\/\/physikalische-therapie.net\/?page_id=3790","name":"Reiki | Achtsamkeit, Selbstf\u00fcrsorge und innere Balance","isPartOf":{"@id":"https:\/\/physikalische-therapie.net\/#website"},"primaryImageOfPage":{"@id":"https:\/\/physikalische-therapie.net\/?page_id=3790#primaryimage"},"image":{"@id":"https:\/\/physikalische-therapie.net\/?page_id=3790#primaryimage"},"thumbnailUrl":"https:\/\/physikalische-therapie.net\/wp-content\/uploads\/Quote-Web-580x670.jpg","datePublished":"2024-07-12T09:18:52+00:00","dateModified":"2026-01-27T19:13:49+00:00","description":"Reiki als spiritueller Weg zu Achtsamkeit, Selbstf\u00fcrsorge und innerer Balance \u2013 Kurse und Einzelangebote auf Anfrage.","breadcrumb":{"@id":"https:\/\/physikalische-therapie.net\/?page_id=3790#breadcrumb"},"inLanguage":"de","potentialAction":[{"@type":"ReadAction","target":["https:\/\/physikalische-therapie.net\/?page_id=3790"]}]},{"@type":"ImageObject","inLanguage":"de","@id":"https:\/\/physikalische-therapie.net\/?page_id=3790#primaryimage","url":"https:\/\/physikalische-therapie.net\/wp-content\/uploads\/Quote-Web.jpg","contentUrl":"https:\/\/physikalische-therapie.net\/wp-content\/uploads\/Quote-Web.jpg","width":886,"height":1023},{"@type":"BreadcrumbList","@id":"https:\/\/physikalische-therapie.net\/?page_id=3790#breadcrumb","itemListElement":[{"@type":"ListItem","position":1,"name":"Start","item":"https:\/\/physikalische-therapie.net\/"},{"@type":"ListItem","position":2,"name":"Portfolio","item":"https:\/\/physikalische-therapie.net\/?page_id=3023"},{"@type":"ListItem","position":3,"name":"Reiki"}]},{"@type":"WebSite","@id":"https:\/\/physikalische-therapie.net\/#website","url":"https:\/\/physikalische-therapie.net\/","name":"Praxis f\u00fcr K\u00f6rpertherapie","description":"und Physikalische Medizin","publisher":{"@id":"https:\/\/physikalische-therapie.net\/#organization"},"potentialAction":[{"@type":"SearchAction","target":{"@type":"EntryPoint","urlTemplate":"https:\/\/physikalische-therapie.net\/?s={search_term_string}"},"query-input":{"@type":"PropertyValueSpecification","valueRequired":true,"valueName":"search_term_string"}}],"inLanguage":"de"},{"@type":"Organization","@id":"https:\/\/physikalische-therapie.net\/#organization","name":"Praxis f\u00fcr K\u00f6rpertherapie und Physikaliche Medizin","url":"https:\/\/physikalische-therapie.net\/","logo":{"@type":"ImageObject","inLanguage":"de","@id":"https:\/\/physikalische-therapie.net\/#\/schema\/logo\/image\/","url":"https:\/\/physikalische-therapie.net\/wp-content\/uploads\/Logo-quadratisch.jpg","contentUrl":"https:\/\/physikalische-therapie.net\/wp-content\/uploads\/Logo-quadratisch.jpg","width":2000,"height":2000,"caption":"Praxis f\u00fcr K\u00f6rpertherapie und Physikaliche Medizin"},"image":{"@id":"https:\/\/physikalische-therapie.net\/#\/schema\/logo\/image\/"}}]}},"_links":{"self":[{"href":"https:\/\/physikalische-therapie.net\/index.php?rest_route=\/wp\/v2\/pages\/3790","targetHints":{"allow":["GET"]}}],"collection":[{"href":"https:\/\/physikalische-therapie.net\/index.php?rest_route=\/wp\/v2\/pages"}],"about":[{"href":"https:\/\/physikalische-therapie.net\/index.php?rest_route=\/wp\/v2\/types\/page"}],"author":[{"embeddable":true,"href":"https:\/\/physikalische-therapie.net\/index.php?rest_route=\/wp\/v2\/users\/5"}],"replies":[{"embeddable":true,"href":"https:\/\/physikalische-therapie.net\/index.php?rest_route=%2Fwp%2Fv2%2Fcomments&post=3790"}],"version-history":[{"count":1,"href":"https:\/\/physikalische-therapie.net\/index.php?rest_route=\/wp\/v2\/pages\/3790\/revisions"}],"predecessor-version":[{"id":4367,"href":"https:\/\/physikalische-therapie.net\/index.php?rest_route=\/wp\/v2\/pages\/3790\/revisions\/4367"}],"up":[{"embeddable":true,"href":"https:\/\/physikalische-therapie.net\/index.php?rest_route=\/wp\/v2\/pages\/3023"}],"wp:attachment":[{"href":"https:\/\/physikalische-therapie.net\/index.php?rest_route=%2Fwp%2Fv2%2Fmedia&parent=3790"}],"curies":[{"name":"wp","href":"https:\/\/api.w.org\/{rel}","templated":true}]}}