{"id":3850,"date":"2025-04-10T10:03:11","date_gmt":"2025-04-10T08:03:11","guid":{"rendered":"https:\/\/physikalische-therapie.net\/?page_id=3850"},"modified":"2026-01-27T21:18:39","modified_gmt":"2026-01-27T19:18:39","slug":"reiki-in-der-wissenschaft","status":"publish","type":"page","link":"https:\/\/physikalische-therapie.net\/?page_id=3850","title":{"rendered":"Reiki in der Wissenschaft"},"content":{"rendered":"<h1><em>Reiki in der <\/em><em>Wissenschaft<\/em><\/h1>\n<figure id=\"attachment_3882\" class=\"wp-caption alignleft\" style=\"width: 240px;\"><img loading=\"lazy\" decoding=\"async\" class=\"wp-image-3882\" src=\"https:\/\/physikalische-therapie.net\/wp-content\/uploads\/Da_Vinci_Vitruve_Luc_Viatour-551x750.jpg\" alt=\"\" width=\"240\" height=\"327\" srcset=\"https:\/\/physikalische-therapie.net\/wp-content\/uploads\/Da_Vinci_Vitruve_Luc_Viatour-551x750.jpg 551w, https:\/\/physikalische-therapie.net\/wp-content\/uploads\/Da_Vinci_Vitruve_Luc_Viatour-768x1044.jpg 768w, https:\/\/physikalische-therapie.net\/wp-content\/uploads\/Da_Vinci_Vitruve_Luc_Viatour.jpg 800w\" sizes=\"auto, (max-width: 240px) 100vw, 240px\" \/><figcaption class=\"wp-caption-text\">Der vitruvianische Mensch, Leonardo da Vinci, ca. 1490, Galleria dell\u2019 Accademia, Venedig<\/figcaption><\/figure>\n<p>In einer Metaanalyse haben <a href=\"https:\/\/doi.org\/10.1186\/s13643-025-02811-5\" target=\"_blank\" rel=\"noopener\"><em>Liu et al. (2025)<\/em><\/a>&nbsp; die Ergebnisse von 11 Studien untersucht, die sich mit der Frage besch\u00e4ftigen, wie weit sich Reiki-Therapie auf die Lebensqualit\u00e4t der Studienteilnehmer:innen auswirkt. Diese systematische Untersuchung umfasste 661 Teilnehmer im Alter von 14 Jahren und \u00e4lter und zeigte eine signifikante Verbesserung der <strong>Lebensqualit\u00e4t<\/strong> nach einer Reiki-Therapie. Die Untergruppenanalyse zeigte, dass Reiki-Therapie mit einer H\u00e4ufigkeit von \u2265 8 Sitzungen und einer Dauer von \u2265 60 Minuten und akute Reiki-Interventionen von \u2264 20 Minuten am wirksamsten zur Verbesserung der Lebensqualit\u00e4t beitrugen.<\/p>\n<h3><em>Wirksamer als Placebo<\/em><\/h3>\n<p>Der Mediziner <a href=\"https:\/\/journals.sagepub.com\/doi\/10.1177\/2156587217728644\" target=\"_blank\" rel=\"noopener\"><em>David E. McManus (2017)<\/em><\/a> hat in einer systematischen \u00dcbersichtsarbeit starke Hinweise darauf gefunden, dass Reiki als erg\u00e4nzende Gesundheitstherapie st\u00e4rker wirkt als ein <a href=\"https:\/\/de.wikipedia.org\/wiki\/Placebo\" target=\"_blank\" rel=\"noopener\"><strong><em>Placebo<\/em><\/strong><\/a>. In seiner Analyse hat er ausschlie\u00dflich quantitative Studien untersucht, die vor ihrer Ver\u00f6ffentlichung durch unabh\u00e4ngige wissenschaftliche Gutachter gepr\u00fcft wurden, und in denen die Kontrollgruppe durch Schauspieler:innen und nicht durch eingewiesene Reiki-Praktizierende behandelt wurde (Placebo-Kontrollgruppe). Die Studienergebnisse geben insgesamt starke Hinweise darauf, dass Reiki sowohl bei menschlichen Proband:innen als auch bei Versuchstieren st\u00e4rker wirkte als ein Placebo. Der Autor sieht Reiki als eine sichere und sanfte erg\u00e4nzende Therapie, die das parasympathische Nervensystem zur Heilung von K\u00f6rper und Geist aktiviert.<\/p>\n<p>&nbsp;<\/p>\n","protected":false},"excerpt":{"rendered":"<p>Reiki in der Wissenschaft In einer Metaanalyse haben Liu et al. (2025)&nbsp; die Ergebnisse von 11 Studien untersucht, die sich mit der Frage besch\u00e4ftigen, wie weit sich Reiki-Therapie auf die Lebensqualit\u00e4t der Studienteilnehmer:innen auswirkt. Diese systematische Untersuchung umfasste 661 Teilnehmer im Alter von 14 Jahren und \u00e4lter und zeigte eine signifikante Verbesserung der Lebensqualit\u00e4t nach [&hellip;]<\/p>\n","protected":false},"author":5,"featured_media":0,"parent":0,"menu_order":0,"comment_status":"closed","ping_status":"closed","template":"","meta":{"_acf_changed":false,"footnotes":""},"class_list":["post-3850","page","type-page","status-publish","hentry"],"acf":[],"yoast_head":"<!-- This site is optimized with the Yoast SEO plugin v27.5 - https:\/\/yoast.com\/product\/yoast-seo-wordpress\/ -->\n<title>Reiki in der Wissenschaft | Studien, Einordnung und Grenzen<\/title>\n<meta name=\"description\" content=\"Was sagt die Wissenschaft zu Reiki? \u00dcberblick \u00fcber Studien, Metaanalysen und die sachliche Einordnung der Ergebnisse.\" \/>\n<meta name=\"robots\" content=\"index, follow, max-snippet:-1, max-image-preview:large, max-video-preview:-1\" \/>\n<link rel=\"canonical\" href=\"https:\/\/physikalische-therapie.net\/?page_id=3850\" \/>\n<meta property=\"og:locale\" content=\"de_DE\" \/>\n<meta property=\"og:type\" content=\"article\" \/>\n<meta property=\"og:title\" content=\"Reiki in der Wissenschaft | Studien, Einordnung und Grenzen\" \/>\n<meta property=\"og:description\" content=\"Was sagt die Wissenschaft zu Reiki? \u00dcberblick \u00fcber Studien, Metaanalysen und die sachliche Einordnung der Ergebnisse.\" \/>\n<meta property=\"og:url\" content=\"https:\/\/physikalische-therapie.net\/?page_id=3850\" \/>\n<meta property=\"og:site_name\" content=\"Praxis f\u00fcr K\u00f6rpertherapie\" \/>\n<meta property=\"article:modified_time\" content=\"2026-01-27T19:18:39+00:00\" \/>\n<meta property=\"og:image\" content=\"https:\/\/physikalische-therapie.net\/wp-content\/uploads\/Da_Vinci_Vitruve_Luc_Viatour.jpg\" \/>\n\t<meta property=\"og:image:width\" content=\"800\" \/>\n\t<meta property=\"og:image:height\" content=\"1088\" \/>\n\t<meta property=\"og:image:type\" content=\"image\/jpeg\" \/>\n<meta name=\"twitter:card\" content=\"summary_large_image\" \/>\n<meta name=\"twitter:label1\" content=\"Gesch\u00e4tzte Lesezeit\" \/>\n\t<meta name=\"twitter:data1\" content=\"2\u00a0Minuten\" \/>\n<script type=\"application\/ld+json\" class=\"yoast-schema-graph\">{\"@context\":\"https:\\\/\\\/schema.org\",\"@graph\":[{\"@type\":\"WebPage\",\"@id\":\"https:\\\/\\\/physikalische-therapie.net\\\/?page_id=3850\",\"url\":\"https:\\\/\\\/physikalische-therapie.net\\\/?page_id=3850\",\"name\":\"Reiki in der Wissenschaft | Studien, Einordnung und Grenzen\",\"isPartOf\":{\"@id\":\"https:\\\/\\\/physikalische-therapie.net\\\/#website\"},\"primaryImageOfPage\":{\"@id\":\"https:\\\/\\\/physikalische-therapie.net\\\/?page_id=3850#primaryimage\"},\"image\":{\"@id\":\"https:\\\/\\\/physikalische-therapie.net\\\/?page_id=3850#primaryimage\"},\"thumbnailUrl\":\"https:\\\/\\\/physikalische-therapie.net\\\/wp-content\\\/uploads\\\/Da_Vinci_Vitruve_Luc_Viatour-551x750.jpg\",\"datePublished\":\"2025-04-10T08:03:11+00:00\",\"dateModified\":\"2026-01-27T19:18:39+00:00\",\"description\":\"Was sagt die Wissenschaft zu Reiki? \u00dcberblick \u00fcber Studien, Metaanalysen und die sachliche Einordnung der Ergebnisse.\",\"breadcrumb\":{\"@id\":\"https:\\\/\\\/physikalische-therapie.net\\\/?page_id=3850#breadcrumb\"},\"inLanguage\":\"de\",\"potentialAction\":[{\"@type\":\"ReadAction\",\"target\":[\"https:\\\/\\\/physikalische-therapie.net\\\/?page_id=3850\"]}]},{\"@type\":\"ImageObject\",\"inLanguage\":\"de\",\"@id\":\"https:\\\/\\\/physikalische-therapie.net\\\/?page_id=3850#primaryimage\",\"url\":\"https:\\\/\\\/physikalische-therapie.net\\\/wp-content\\\/uploads\\\/Da_Vinci_Vitruve_Luc_Viatour.jpg\",\"contentUrl\":\"https:\\\/\\\/physikalische-therapie.net\\\/wp-content\\\/uploads\\\/Da_Vinci_Vitruve_Luc_Viatour.jpg\",\"width\":800,\"height\":1088},{\"@type\":\"BreadcrumbList\",\"@id\":\"https:\\\/\\\/physikalische-therapie.net\\\/?page_id=3850#breadcrumb\",\"itemListElement\":[{\"@type\":\"ListItem\",\"position\":1,\"name\":\"Start\",\"item\":\"https:\\\/\\\/physikalische-therapie.net\\\/\"},{\"@type\":\"ListItem\",\"position\":2,\"name\":\"Reiki in der Wissenschaft\"}]},{\"@type\":\"WebSite\",\"@id\":\"https:\\\/\\\/physikalische-therapie.net\\\/#website\",\"url\":\"https:\\\/\\\/physikalische-therapie.net\\\/\",\"name\":\"Praxis f\u00fcr K\u00f6rpertherapie\",\"description\":\"und Physikalische Medizin\",\"publisher\":{\"@id\":\"https:\\\/\\\/physikalische-therapie.net\\\/#organization\"},\"potentialAction\":[{\"@type\":\"SearchAction\",\"target\":{\"@type\":\"EntryPoint\",\"urlTemplate\":\"https:\\\/\\\/physikalische-therapie.net\\\/?s={search_term_string}\"},\"query-input\":{\"@type\":\"PropertyValueSpecification\",\"valueRequired\":true,\"valueName\":\"search_term_string\"}}],\"inLanguage\":\"de\"},{\"@type\":\"Organization\",\"@id\":\"https:\\\/\\\/physikalische-therapie.net\\\/#organization\",\"name\":\"Praxis f\u00fcr K\u00f6rpertherapie und Physikaliche Medizin\",\"url\":\"https:\\\/\\\/physikalische-therapie.net\\\/\",\"logo\":{\"@type\":\"ImageObject\",\"inLanguage\":\"de\",\"@id\":\"https:\\\/\\\/physikalische-therapie.net\\\/#\\\/schema\\\/logo\\\/image\\\/\",\"url\":\"https:\\\/\\\/physikalische-therapie.net\\\/wp-content\\\/uploads\\\/Logo-quadratisch.jpg\",\"contentUrl\":\"https:\\\/\\\/physikalische-therapie.net\\\/wp-content\\\/uploads\\\/Logo-quadratisch.jpg\",\"width\":2000,\"height\":2000,\"caption\":\"Praxis f\u00fcr K\u00f6rpertherapie und Physikaliche Medizin\"},\"image\":{\"@id\":\"https:\\\/\\\/physikalische-therapie.net\\\/#\\\/schema\\\/logo\\\/image\\\/\"}}]}<\/script>\n<!-- \/ Yoast SEO plugin. -->","yoast_head_json":{"title":"Reiki in der Wissenschaft | Studien, Einordnung und Grenzen","description":"Was sagt die Wissenschaft zu Reiki? \u00dcberblick \u00fcber Studien, Metaanalysen und die sachliche Einordnung der Ergebnisse.","robots":{"index":"index","follow":"follow","max-snippet":"max-snippet:-1","max-image-preview":"max-image-preview:large","max-video-preview":"max-video-preview:-1"},"canonical":"https:\/\/physikalische-therapie.net\/?page_id=3850","og_locale":"de_DE","og_type":"article","og_title":"Reiki in der Wissenschaft | Studien, Einordnung und Grenzen","og_description":"Was sagt die Wissenschaft zu Reiki? \u00dcberblick \u00fcber Studien, Metaanalysen und die sachliche Einordnung der Ergebnisse.","og_url":"https:\/\/physikalische-therapie.net\/?page_id=3850","og_site_name":"Praxis f\u00fcr K\u00f6rpertherapie","article_modified_time":"2026-01-27T19:18:39+00:00","og_image":[{"width":800,"height":1088,"url":"https:\/\/physikalische-therapie.net\/wp-content\/uploads\/Da_Vinci_Vitruve_Luc_Viatour.jpg","type":"image\/jpeg"}],"twitter_card":"summary_large_image","twitter_misc":{"Gesch\u00e4tzte Lesezeit":"2\u00a0Minuten"},"schema":{"@context":"https:\/\/schema.org","@graph":[{"@type":"WebPage","@id":"https:\/\/physikalische-therapie.net\/?page_id=3850","url":"https:\/\/physikalische-therapie.net\/?page_id=3850","name":"Reiki in der Wissenschaft | Studien, Einordnung und Grenzen","isPartOf":{"@id":"https:\/\/physikalische-therapie.net\/#website"},"primaryImageOfPage":{"@id":"https:\/\/physikalische-therapie.net\/?page_id=3850#primaryimage"},"image":{"@id":"https:\/\/physikalische-therapie.net\/?page_id=3850#primaryimage"},"thumbnailUrl":"https:\/\/physikalische-therapie.net\/wp-content\/uploads\/Da_Vinci_Vitruve_Luc_Viatour-551x750.jpg","datePublished":"2025-04-10T08:03:11+00:00","dateModified":"2026-01-27T19:18:39+00:00","description":"Was sagt die Wissenschaft zu Reiki? \u00dcberblick \u00fcber Studien, Metaanalysen und die sachliche Einordnung der Ergebnisse.","breadcrumb":{"@id":"https:\/\/physikalische-therapie.net\/?page_id=3850#breadcrumb"},"inLanguage":"de","potentialAction":[{"@type":"ReadAction","target":["https:\/\/physikalische-therapie.net\/?page_id=3850"]}]},{"@type":"ImageObject","inLanguage":"de","@id":"https:\/\/physikalische-therapie.net\/?page_id=3850#primaryimage","url":"https:\/\/physikalische-therapie.net\/wp-content\/uploads\/Da_Vinci_Vitruve_Luc_Viatour.jpg","contentUrl":"https:\/\/physikalische-therapie.net\/wp-content\/uploads\/Da_Vinci_Vitruve_Luc_Viatour.jpg","width":800,"height":1088},{"@type":"BreadcrumbList","@id":"https:\/\/physikalische-therapie.net\/?page_id=3850#breadcrumb","itemListElement":[{"@type":"ListItem","position":1,"name":"Start","item":"https:\/\/physikalische-therapie.net\/"},{"@type":"ListItem","position":2,"name":"Reiki in der Wissenschaft"}]},{"@type":"WebSite","@id":"https:\/\/physikalische-therapie.net\/#website","url":"https:\/\/physikalische-therapie.net\/","name":"Praxis f\u00fcr K\u00f6rpertherapie","description":"und Physikalische Medizin","publisher":{"@id":"https:\/\/physikalische-therapie.net\/#organization"},"potentialAction":[{"@type":"SearchAction","target":{"@type":"EntryPoint","urlTemplate":"https:\/\/physikalische-therapie.net\/?s={search_term_string}"},"query-input":{"@type":"PropertyValueSpecification","valueRequired":true,"valueName":"search_term_string"}}],"inLanguage":"de"},{"@type":"Organization","@id":"https:\/\/physikalische-therapie.net\/#organization","name":"Praxis f\u00fcr K\u00f6rpertherapie und Physikaliche Medizin","url":"https:\/\/physikalische-therapie.net\/","logo":{"@type":"ImageObject","inLanguage":"de","@id":"https:\/\/physikalische-therapie.net\/#\/schema\/logo\/image\/","url":"https:\/\/physikalische-therapie.net\/wp-content\/uploads\/Logo-quadratisch.jpg","contentUrl":"https:\/\/physikalische-therapie.net\/wp-content\/uploads\/Logo-quadratisch.jpg","width":2000,"height":2000,"caption":"Praxis f\u00fcr K\u00f6rpertherapie und Physikaliche Medizin"},"image":{"@id":"https:\/\/physikalische-therapie.net\/#\/schema\/logo\/image\/"}}]}},"_links":{"self":[{"href":"https:\/\/physikalische-therapie.net\/index.php?rest_route=\/wp\/v2\/pages\/3850","targetHints":{"allow":["GET"]}}],"collection":[{"href":"https:\/\/physikalische-therapie.net\/index.php?rest_route=\/wp\/v2\/pages"}],"about":[{"href":"https:\/\/physikalische-therapie.net\/index.php?rest_route=\/wp\/v2\/types\/page"}],"author":[{"embeddable":true,"href":"https:\/\/physikalische-therapie.net\/index.php?rest_route=\/wp\/v2\/users\/5"}],"replies":[{"embeddable":true,"href":"https:\/\/physikalische-therapie.net\/index.php?rest_route=%2Fwp%2Fv2%2Fcomments&post=3850"}],"version-history":[{"count":1,"href":"https:\/\/physikalische-therapie.net\/index.php?rest_route=\/wp\/v2\/pages\/3850\/revisions"}],"predecessor-version":[{"id":4369,"href":"https:\/\/physikalische-therapie.net\/index.php?rest_route=\/wp\/v2\/pages\/3850\/revisions\/4369"}],"wp:attachment":[{"href":"https:\/\/physikalische-therapie.net\/index.php?rest_route=%2Fwp%2Fv2%2Fmedia&parent=3850"}],"curies":[{"name":"wp","href":"https:\/\/api.w.org\/{rel}","templated":true}]}}