{"id":4408,"date":"2026-05-08T10:18:33","date_gmt":"2026-05-08T08:18:33","guid":{"rendered":"https:\/\/physikalische-therapie.net\/?page_id=4408"},"modified":"2026-05-08T12:01:02","modified_gmt":"2026-05-08T10:01:02","slug":"physiotherapeutin-m-w-d-teilzeit-in-neuruppin-jobs-physiotherapie","status":"publish","type":"page","link":"https:\/\/physikalische-therapie.net\/?page_id=4408","title":{"rendered":"Jobs"},"content":{"rendered":"<h1><strong>Stellenbeschreibung<\/strong><\/h1>\n<p>Zur Verst\u00e4rkung unseres Teams suche wir f\u00fcr unsere Praxis ab sofort oder zu einem sp\u00e4teren Zeitpunkt eine:n engagierte:n <strong>Physiotherapeut:in (m\/w\/d) in Teilzeit (20 Stunden\/Woche)<\/strong>. Eine <strong>Erh\u00f6hung der Wochenstunden ist perspektivisch m\u00f6glich<\/strong>. Bis zum Jahresende wollen wir ein gr\u00f6\u00dferes Team aufbauen. Bewerbungen sind auch zu einem sp\u00e4teren Zeitpunkt m\u00f6glich.<\/p>\n<p><strong>Berufsanf\u00e4nger:innen <\/strong>sind ebenso willkommen wie <strong>erfahrene Kolleg:innen <\/strong>mit Abschl\u00fcssen in <strong>Manueller Lymphdrainage <\/strong>und\/oder <strong>Manueller Therapie<\/strong>. Ein Schwerpunkt Deiner Arbeit liegt auf <strong>individueller Therapie &amp; ganzheitlichen Behandlungskonzepten<\/strong>.<\/p>\n<h3><strong>Unser Ansatz<\/strong><\/h3>\n<p>Wir verstehen Physiotherapie nicht als standardisierte Anwendung, sondern als <strong>individuell gestalteten therapeutischen Prozess<\/strong>. Neben klassischen physiotherapeutischen Verfahren integrieren wir <strong>ganzheitliche <\/strong>und <strong>k\u00f6rpertherapeutische Ans\u00e4tze<\/strong>, um nachhaltige Behandlungsergebnisse zu erreichen.<\/p>\n<h3><strong>Deine Rolle<\/strong><\/h3>\n<ul>\n<li>Du behandelst Patient:innen <strong>eigenverantwortlich und strukturiert<\/strong><\/li>\n<li>Du entwickelst <strong>individuelle Therapieans\u00e4tze statt Standardprogramme<\/strong><\/li>\n<li>Du begleitest Patient:innen aktiv im gesamten Therapieverlauf<\/li>\n<li>Du bringst Dich fachlich ein und entwickelst Deinen eigenen therapeutischen Stil<\/li>\n<\/ul>\n<h3><strong>Das erwartet Dich<\/strong><\/h3>\n<ul>\n<li><strong>Teilzeitstelle (20 Std.\/Woche), ausbauf\u00e4hig<\/strong><\/li>\n<li>Kollegiales Team mit fachlichem Austausch auf Augenh\u00f6he<\/li>\n<li><strong>Fortbildungsf\u00f6rderung nach Absprache<\/strong> \u2013 entsprechend Deiner Interessen<\/li>\n<li>Praxisumfeld mit <strong>klarer therapeutischer Ausrichtung und Entwicklungsperspektive<\/strong><\/li>\n<li><strong>Leitung <\/strong>von <strong>Pr\u00e4ventionskursen <\/strong>gem. \u00a7 20 SGB V<\/li>\n<\/ul>\n<h3><strong>Das bringst Du mit<\/strong><\/h3>\n<ul>\n<li>Abgeschlossene Ausbildung als <strong>Physiotherapeut:in<\/strong><\/li>\n<li>Interesse an <strong>ganzheitlicher Therapie und Weiterentwicklung<\/strong><\/li>\n<li>Bereitschaft, Verantwortung im therapeutischen Prozess zu \u00fcbernehmen<\/li>\n<li>Strukturierte und patientenzentrierte Arbeitsweise<\/li>\n<\/ul>\n<p><em><strong>Bewerbung<\/strong> <\/em>und Lebenslauf <strong>nur<\/strong> per E-Mail an <a href=\"mailto:post@physikalische-therapie.net\">post(at)physikalische-therapie.net<\/a><\/p>\n<p>&nbsp;<\/p>\n","protected":false},"excerpt":{"rendered":"<p>Stellenbeschreibung Zur Verst\u00e4rkung unseres Teams suche wir f\u00fcr unsere Praxis ab sofort oder zu einem sp\u00e4teren Zeitpunkt eine:n engagierte:n Physiotherapeut:in (m\/w\/d) in Teilzeit (20 Stunden\/Woche). Eine Erh\u00f6hung der Wochenstunden ist perspektivisch m\u00f6glich. Bis zum Jahresende wollen wir ein gr\u00f6\u00dferes Team aufbauen. Bewerbungen sind auch zu einem sp\u00e4teren Zeitpunkt m\u00f6glich. Berufsanf\u00e4nger:innen sind ebenso willkommen wie erfahrene [&hellip;]<\/p>\n","protected":false},"author":5,"featured_media":0,"parent":0,"menu_order":7,"comment_status":"closed","ping_status":"closed","template":"","meta":{"_acf_changed":false,"footnotes":""},"class_list":["post-4408","page","type-page","status-publish","hentry"],"acf":[],"yoast_head":"<!-- This site is optimized with the Yoast SEO plugin v27.6 - https:\/\/yoast.com\/product\/yoast-seo-wordpress\/ -->\n<title>Jobs Physiotherapie Neuruppin<\/title>\n<meta name=\"description\" content=\"Teilzeitstelle f\u00fcr Physiotherapeut:innen (m\/w\/d) in Neuruppin. Berufsanf\u00e4nger:innen und erfahrene Kolleg:innen willkommen.\" \/>\n<meta name=\"robots\" content=\"index, follow, max-snippet:-1, max-image-preview:large, max-video-preview:-1\" \/>\n<link rel=\"canonical\" href=\"https:\/\/physikalische-therapie.net\/?page_id=4408\" \/>\n<meta property=\"og:locale\" content=\"de_DE\" \/>\n<meta property=\"og:type\" content=\"article\" \/>\n<meta property=\"og:title\" content=\"Jobs Physiotherapie Neuruppin\" \/>\n<meta property=\"og:description\" content=\"Teilzeitstelle f\u00fcr Physiotherapeut:innen (m\/w\/d) in Neuruppin. Berufsanf\u00e4nger:innen und erfahrene Kolleg:innen willkommen.\" \/>\n<meta property=\"og:url\" content=\"https:\/\/physikalische-therapie.net\/?page_id=4408\" \/>\n<meta property=\"og:site_name\" content=\"Praxis f\u00fcr K\u00f6rpertherapie\" \/>\n<meta property=\"article:modified_time\" content=\"2026-05-08T10:01:02+00:00\" \/>\n<meta name=\"twitter:card\" content=\"summary_large_image\" \/>\n<meta name=\"twitter:label1\" content=\"Gesch\u00e4tzte Lesezeit\" \/>\n\t<meta name=\"twitter:data1\" content=\"2\u00a0Minuten\" \/>\n<script type=\"application\/ld+json\" class=\"yoast-schema-graph\">{\"@context\":\"https:\\\/\\\/schema.org\",\"@graph\":[{\"@type\":\"WebPage\",\"@id\":\"https:\\\/\\\/physikalische-therapie.net\\\/?page_id=4408\",\"url\":\"https:\\\/\\\/physikalische-therapie.net\\\/?page_id=4408\",\"name\":\"Jobs Physiotherapie Neuruppin\",\"isPartOf\":{\"@id\":\"https:\\\/\\\/physikalische-therapie.net\\\/#website\"},\"datePublished\":\"2026-05-08T08:18:33+00:00\",\"dateModified\":\"2026-05-08T10:01:02+00:00\",\"description\":\"Teilzeitstelle f\u00fcr Physiotherapeut:innen (m\\\/w\\\/d) in Neuruppin. Berufsanf\u00e4nger:innen und erfahrene Kolleg:innen willkommen.\",\"breadcrumb\":{\"@id\":\"https:\\\/\\\/physikalische-therapie.net\\\/?page_id=4408#breadcrumb\"},\"inLanguage\":\"de\",\"potentialAction\":[{\"@type\":\"ReadAction\",\"target\":[\"https:\\\/\\\/physikalische-therapie.net\\\/?page_id=4408\"]}]},{\"@type\":\"BreadcrumbList\",\"@id\":\"https:\\\/\\\/physikalische-therapie.net\\\/?page_id=4408#breadcrumb\",\"itemListElement\":[{\"@type\":\"ListItem\",\"position\":1,\"name\":\"Start\",\"item\":\"https:\\\/\\\/physikalische-therapie.net\\\/\"},{\"@type\":\"ListItem\",\"position\":2,\"name\":\"Jobs\"}]},{\"@type\":\"WebSite\",\"@id\":\"https:\\\/\\\/physikalische-therapie.net\\\/#website\",\"url\":\"https:\\\/\\\/physikalische-therapie.net\\\/\",\"name\":\"Praxis f\u00fcr K\u00f6rpertherapie\",\"description\":\"und Physikalische Medizin\",\"publisher\":{\"@id\":\"https:\\\/\\\/physikalische-therapie.net\\\/#organization\"},\"potentialAction\":[{\"@type\":\"SearchAction\",\"target\":{\"@type\":\"EntryPoint\",\"urlTemplate\":\"https:\\\/\\\/physikalische-therapie.net\\\/?s={search_term_string}\"},\"query-input\":{\"@type\":\"PropertyValueSpecification\",\"valueRequired\":true,\"valueName\":\"search_term_string\"}}],\"inLanguage\":\"de\"},{\"@type\":\"Organization\",\"@id\":\"https:\\\/\\\/physikalische-therapie.net\\\/#organization\",\"name\":\"Praxis f\u00fcr K\u00f6rpertherapie und Physikaliche Medizin\",\"url\":\"https:\\\/\\\/physikalische-therapie.net\\\/\",\"logo\":{\"@type\":\"ImageObject\",\"inLanguage\":\"de\",\"@id\":\"https:\\\/\\\/physikalische-therapie.net\\\/#\\\/schema\\\/logo\\\/image\\\/\",\"url\":\"https:\\\/\\\/physikalische-therapie.net\\\/wp-content\\\/uploads\\\/Logo-quadratisch.jpg\",\"contentUrl\":\"https:\\\/\\\/physikalische-therapie.net\\\/wp-content\\\/uploads\\\/Logo-quadratisch.jpg\",\"width\":2000,\"height\":2000,\"caption\":\"Praxis f\u00fcr K\u00f6rpertherapie und Physikaliche Medizin\"},\"image\":{\"@id\":\"https:\\\/\\\/physikalische-therapie.net\\\/#\\\/schema\\\/logo\\\/image\\\/\"}}]}<\/script>\n<!-- \/ Yoast SEO plugin. -->","yoast_head_json":{"title":"Jobs Physiotherapie Neuruppin","description":"Teilzeitstelle f\u00fcr Physiotherapeut:innen (m\/w\/d) in Neuruppin. Berufsanf\u00e4nger:innen und erfahrene Kolleg:innen willkommen.","robots":{"index":"index","follow":"follow","max-snippet":"max-snippet:-1","max-image-preview":"max-image-preview:large","max-video-preview":"max-video-preview:-1"},"canonical":"https:\/\/physikalische-therapie.net\/?page_id=4408","og_locale":"de_DE","og_type":"article","og_title":"Jobs Physiotherapie Neuruppin","og_description":"Teilzeitstelle f\u00fcr Physiotherapeut:innen (m\/w\/d) in Neuruppin. Berufsanf\u00e4nger:innen und erfahrene Kolleg:innen willkommen.","og_url":"https:\/\/physikalische-therapie.net\/?page_id=4408","og_site_name":"Praxis f\u00fcr K\u00f6rpertherapie","article_modified_time":"2026-05-08T10:01:02+00:00","twitter_card":"summary_large_image","twitter_misc":{"Gesch\u00e4tzte Lesezeit":"2\u00a0Minuten"},"schema":{"@context":"https:\/\/schema.org","@graph":[{"@type":"WebPage","@id":"https:\/\/physikalische-therapie.net\/?page_id=4408","url":"https:\/\/physikalische-therapie.net\/?page_id=4408","name":"Jobs Physiotherapie Neuruppin","isPartOf":{"@id":"https:\/\/physikalische-therapie.net\/#website"},"datePublished":"2026-05-08T08:18:33+00:00","dateModified":"2026-05-08T10:01:02+00:00","description":"Teilzeitstelle f\u00fcr Physiotherapeut:innen (m\/w\/d) in Neuruppin. Berufsanf\u00e4nger:innen und erfahrene Kolleg:innen willkommen.","breadcrumb":{"@id":"https:\/\/physikalische-therapie.net\/?page_id=4408#breadcrumb"},"inLanguage":"de","potentialAction":[{"@type":"ReadAction","target":["https:\/\/physikalische-therapie.net\/?page_id=4408"]}]},{"@type":"BreadcrumbList","@id":"https:\/\/physikalische-therapie.net\/?page_id=4408#breadcrumb","itemListElement":[{"@type":"ListItem","position":1,"name":"Start","item":"https:\/\/physikalische-therapie.net\/"},{"@type":"ListItem","position":2,"name":"Jobs"}]},{"@type":"WebSite","@id":"https:\/\/physikalische-therapie.net\/#website","url":"https:\/\/physikalische-therapie.net\/","name":"Praxis f\u00fcr K\u00f6rpertherapie","description":"und Physikalische Medizin","publisher":{"@id":"https:\/\/physikalische-therapie.net\/#organization"},"potentialAction":[{"@type":"SearchAction","target":{"@type":"EntryPoint","urlTemplate":"https:\/\/physikalische-therapie.net\/?s={search_term_string}"},"query-input":{"@type":"PropertyValueSpecification","valueRequired":true,"valueName":"search_term_string"}}],"inLanguage":"de"},{"@type":"Organization","@id":"https:\/\/physikalische-therapie.net\/#organization","name":"Praxis f\u00fcr K\u00f6rpertherapie und Physikaliche Medizin","url":"https:\/\/physikalische-therapie.net\/","logo":{"@type":"ImageObject","inLanguage":"de","@id":"https:\/\/physikalische-therapie.net\/#\/schema\/logo\/image\/","url":"https:\/\/physikalische-therapie.net\/wp-content\/uploads\/Logo-quadratisch.jpg","contentUrl":"https:\/\/physikalische-therapie.net\/wp-content\/uploads\/Logo-quadratisch.jpg","width":2000,"height":2000,"caption":"Praxis f\u00fcr K\u00f6rpertherapie und Physikaliche Medizin"},"image":{"@id":"https:\/\/physikalische-therapie.net\/#\/schema\/logo\/image\/"}}]}},"_links":{"self":[{"href":"https:\/\/physikalische-therapie.net\/index.php?rest_route=\/wp\/v2\/pages\/4408","targetHints":{"allow":["GET"]}}],"collection":[{"href":"https:\/\/physikalische-therapie.net\/index.php?rest_route=\/wp\/v2\/pages"}],"about":[{"href":"https:\/\/physikalische-therapie.net\/index.php?rest_route=\/wp\/v2\/types\/page"}],"author":[{"embeddable":true,"href":"https:\/\/physikalische-therapie.net\/index.php?rest_route=\/wp\/v2\/users\/5"}],"replies":[{"embeddable":true,"href":"https:\/\/physikalische-therapie.net\/index.php?rest_route=%2Fwp%2Fv2%2Fcomments&post=4408"}],"version-history":[{"count":5,"href":"https:\/\/physikalische-therapie.net\/index.php?rest_route=\/wp\/v2\/pages\/4408\/revisions"}],"predecessor-version":[{"id":4415,"href":"https:\/\/physikalische-therapie.net\/index.php?rest_route=\/wp\/v2\/pages\/4408\/revisions\/4415"}],"wp:attachment":[{"href":"https:\/\/physikalische-therapie.net\/index.php?rest_route=%2Fwp%2Fv2%2Fmedia&parent=4408"}],"curies":[{"name":"wp","href":"https:\/\/api.w.org\/{rel}","templated":true}]}}